{"id":8,"date":"2018-10-06T10:56:56","date_gmt":"2018-10-06T08:56:56","guid":{"rendered":"http:\/\/rubenczal.cz\/?page_id=8"},"modified":"2024-10-17T20:50:16","modified_gmt":"2024-10-17T18:50:16","slug":"domu","status":"publish","type":"page","link":"https:\/\/rubenczal.cz\/","title":{"rendered":"Rubenczal &#8211; Horsk\u00fd b\u011b\u017eeck\u00fd z\u00e1vod"},"content":{"rendered":"<p>V\u00edtejte na webu, kter\u00fd je v\u011bnov\u00e1n Horsk\u00e9mu b\u011b\u017eeck\u00e9mu z\u00e1vodu RUBENCZAL.&nbsp; Jedn\u00e1 se o unik\u00e1tn\u00ed, ultim\u00e1tn\u00ed a kapacitn\u011b omezen\u00fd horsk\u00fd p\u016flmarat\u00f3n, vedouc\u00ed od Horsk\u00e9 chaty Port\u00e1\u0161ky, do Pece pod Sn\u011b\u017ekou,&nbsp; p\u0159es Slatinnou str\u00e1\u0148 a\u017e na \u010cernou horu. A pak dol\u016f p\u0159es Hlu\u0161iny do \u00fadol\u00ed Velk\u00e9 \u00dapy a zp\u011bt na Port\u00e1\u0161ky.<\/p>\n<p>N\u00e1\u0161 t\u00fdm je p\u0159ipraven, a co Ty?<\/p>\n","protected":false},"excerpt":{"rendered":"<p>V\u00edtejte na webu, kter\u00fd je v\u011bnov\u00e1n Horsk\u00e9mu b\u011b\u017eeck\u00e9mu z\u00e1vodu RUBENCZAL.&nbsp; Jedn\u00e1 se o unik\u00e1tn\u00ed, ultim\u00e1tn\u00ed a kapacitn\u011b omezen\u00fd horsk\u00fd p\u016flmarat\u00f3n, vedouc\u00ed od Horsk\u00e9 chaty Port\u00e1\u0161ky, do Pece pod Sn\u011b\u017ekou,&nbsp; p\u0159es Slatinnou str\u00e1\u0148 a\u017e na \u010cernou horu. A pak dol\u016f p\u0159es Hlu\u0161iny do \u00fadol\u00ed Velk\u00e9 \u00dapy a zp\u011bt na Port\u00e1\u0161ky. N\u00e1\u0161 t\u00fdm je p\u0159ipraven, a co &hellip; <\/p>\n<p class=\"link-more\"><a href=\"https:\/\/rubenczal.cz\/\" class=\"more-link\">Pokra\u010dovat ve \u010dten\u00ed<span class=\"screen-reader-text\"> &#8222;Rubenczal &#8211; Horsk\u00fd b\u011b\u017eeck\u00fd z\u00e1vod&#8220;<\/span><\/a><\/p>\n","protected":false},"author":1,"featured_media":371,"parent":0,"menu_order":0,"comment_status":"closed","ping_status":"closed","template":"","meta":{"ngg_post_thumbnail":0,"footnotes":""},"class_list":["post-8","page","type-page","status-publish","has-post-thumbnail","hentry"],"_links":{"self":[{"href":"https:\/\/rubenczal.cz\/index.php\/wp-json\/wp\/v2\/pages\/8","targetHints":{"allow":["GET"]}}],"collection":[{"href":"https:\/\/rubenczal.cz\/index.php\/wp-json\/wp\/v2\/pages"}],"about":[{"href":"https:\/\/rubenczal.cz\/index.php\/wp-json\/wp\/v2\/types\/page"}],"author":[{"embeddable":true,"href":"https:\/\/rubenczal.cz\/index.php\/wp-json\/wp\/v2\/users\/1"}],"replies":[{"embeddable":true,"href":"https:\/\/rubenczal.cz\/index.php\/wp-json\/wp\/v2\/comments?post=8"}],"version-history":[{"count":12,"href":"https:\/\/rubenczal.cz\/index.php\/wp-json\/wp\/v2\/pages\/8\/revisions"}],"predecessor-version":[{"id":2515,"href":"https:\/\/rubenczal.cz\/index.php\/wp-json\/wp\/v2\/pages\/8\/revisions\/2515"}],"wp:featuredmedia":[{"embeddable":true,"href":"https:\/\/rubenczal.cz\/index.php\/wp-json\/wp\/v2\/media\/371"}],"wp:attachment":[{"href":"https:\/\/rubenczal.cz\/index.php\/wp-json\/wp\/v2\/media?parent=8"}],"curies":[{"name":"wp","href":"https:\/\/api.w.org\/{rel}","templated":true}]}}