{"id":48,"date":"2018-10-06T11:36:50","date_gmt":"2018-10-06T09:36:50","guid":{"rendered":"http:\/\/rubenczal.cz\/?page_id=48"},"modified":"2024-10-21T14:48:50","modified_gmt":"2024-10-21T12:48:50","slug":"partneri","status":"publish","type":"page","link":"https:\/\/rubenczal.cz\/index.php\/partneri\/","title":{"rendered":"Partne\u0159i"},"content":{"rendered":"<div>\n<h3>PO\u0158ADATEL Z\u00c1VODU:<\/h3>\n<p><a href=\"http:\/\/www.portasky.cz\" target=\"_blank\" rel=\"noopener\"><img loading=\"lazy\" decoding=\"async\" class=\"alignleft wp-image-2007 size-medium\" src=\"https:\/\/rubenczal.cz\/wp-content\/uploads\/2023\/09\/logo_index-300x168.jpg\" alt=\"Horsk\u00e1 chata Port\u00e1\u0161ky\" width=\"300\" height=\"168\" srcset=\"https:\/\/rubenczal.cz\/wp-content\/uploads\/2023\/09\/logo_index-300x168.jpg 300w, https:\/\/rubenczal.cz\/wp-content\/uploads\/2023\/09\/logo_index-1024x575.jpg 1024w, https:\/\/rubenczal.cz\/wp-content\/uploads\/2023\/09\/logo_index-768x431.jpg 768w, https:\/\/rubenczal.cz\/wp-content\/uploads\/2023\/09\/logo_index-1536x862.jpg 1536w, https:\/\/rubenczal.cz\/wp-content\/uploads\/2023\/09\/logo_index-2048x1150.jpg 2048w\" sizes=\"auto, (max-width: 300px) 100vw, 300px\" \/><\/a><\/p>\n<p>&nbsp;<\/p>\n<p>&nbsp;&nbsp;<\/p>\n<h3>\u010cESTN\u00dd PARTNER Z\u00c1VODU:<img loading=\"lazy\" decoding=\"async\" class=\"aligncenter wp-image-2028 size-full\" src=\"https:\/\/rubenczal.cz\/wp-content\/uploads\/2023\/09\/HSN.png\" alt=\"\" width=\"673\" height=\"266\" srcset=\"https:\/\/rubenczal.cz\/wp-content\/uploads\/2023\/09\/HSN.png 673w, https:\/\/rubenczal.cz\/wp-content\/uploads\/2023\/09\/HSN-300x119.png 300w\" sizes=\"auto, (max-width: 673px) 100vw, 673px\" \/>HLAVN\u00cd PARTNER:<\/h3>\n<\/div>\n<p><a href=\"https:\/\/www.sportpec.cz\/\" target=\"_blank\" rel=\"noopener\"><img loading=\"lazy\" decoding=\"async\" class=\"aligncenter wp-image-2025 size-full\" title=\"Intersport Pec\" src=\"https:\/\/rubenczal.cz\/wp-content\/uploads\/2023\/09\/INTERSPORT_Logo.jpg\" alt=\"Intersport Pec\" width=\"800\" height=\"83\" srcset=\"https:\/\/rubenczal.cz\/wp-content\/uploads\/2023\/09\/INTERSPORT_Logo.jpg 800w, https:\/\/rubenczal.cz\/wp-content\/uploads\/2023\/09\/INTERSPORT_Logo-300x31.jpg 300w, https:\/\/rubenczal.cz\/wp-content\/uploads\/2023\/09\/INTERSPORT_Logo-768x80.jpg 768w\" sizes=\"auto, (max-width: 706px) 89vw, (max-width: 767px) 82vw, 740px\" \/><\/a><\/p>\n<p>MEDI\u00c1LN\u00cd PARTNE\u0158I<\/p>\n\n\n<figure class=\"wp-block-image size-full is-resized\"><a href=\"https:\/\/www.radiobeat.cz\/\" target=\"_blank\" rel=\"noreferrer noopener\"><img loading=\"lazy\" decoding=\"async\" width=\"200\" height=\"200\" src=\"https:\/\/rubenczal.cz\/wp-content\/uploads\/2024\/10\/RADIO_beat.png\" alt=\"\" class=\"wp-image-2492\" style=\"width:230px;height:auto\" srcset=\"https:\/\/rubenczal.cz\/wp-content\/uploads\/2024\/10\/RADIO_beat.png 200w, https:\/\/rubenczal.cz\/wp-content\/uploads\/2024\/10\/RADIO_beat-150x150.png 150w, https:\/\/rubenczal.cz\/wp-content\/uploads\/2024\/10\/RADIO_beat-100x100.png 100w\" sizes=\"auto, (max-width: 200px) 100vw, 200px\" \/><\/a><\/figure>\n\n\n\n<figure class=\"wp-block-image size-full\"><a href=\"https:\/\/www.mujrozhlas.cz\/zive\/hradec-kralove?autoplay=1\" target=\"_blank\" rel=\"noreferrer noopener\"><img loading=\"lazy\" decoding=\"async\" width=\"204\" height=\"192\" src=\"https:\/\/rubenczal.cz\/wp-content\/uploads\/2024\/10\/rozhlas_logo.jpeg\" alt=\"\" class=\"wp-image-2493\"\/><\/a><\/figure>\n\n\n\n<h3 class=\"wp-block-heading\">NA\u0160I PARTNE\u0158I<\/h3>\n\n\n\n<figure class=\"wp-block-image size-large\"><a href=\"https:\/\/www.chalupa-motors.cz\/\" target=\"_blank\" rel=\"noreferrer noopener\"><img loading=\"lazy\" decoding=\"async\" width=\"1024\" height=\"527\" src=\"https:\/\/rubenczal.cz\/wp-content\/uploads\/2024\/10\/logo-C-1024x527.jpg\" alt=\"\" class=\"wp-image-2552\" srcset=\"https:\/\/rubenczal.cz\/wp-content\/uploads\/2024\/10\/logo-C-1024x527.jpg 1024w, https:\/\/rubenczal.cz\/wp-content\/uploads\/2024\/10\/logo-C-300x154.jpg 300w, https:\/\/rubenczal.cz\/wp-content\/uploads\/2024\/10\/logo-C-768x395.jpg 768w, https:\/\/rubenczal.cz\/wp-content\/uploads\/2024\/10\/logo-C.jpg 1240w\" sizes=\"auto, (max-width: 706px) 89vw, (max-width: 767px) 82vw, 740px\" \/><\/a><\/figure>\n\n\n\n<figure class=\"wp-block-image size-full\"><img loading=\"lazy\" decoding=\"async\" width=\"275\" height=\"90\" src=\"https:\/\/rubenczal.cz\/wp-content\/uploads\/2023\/09\/asics_logo.png\" alt=\"\" class=\"wp-image-2030\"\/><\/figure>\n\n\n\n<figure class=\"wp-block-image size-large\"><img loading=\"lazy\" decoding=\"async\" width=\"1024\" height=\"185\" src=\"https:\/\/rubenczal.cz\/wp-content\/uploads\/2023\/09\/prolog_bikes-1024x185.jpg\" alt=\"\" class=\"wp-image-2035\" srcset=\"https:\/\/rubenczal.cz\/wp-content\/uploads\/2023\/09\/prolog_bikes-1024x185.jpg 1024w, https:\/\/rubenczal.cz\/wp-content\/uploads\/2023\/09\/prolog_bikes-300x54.jpg 300w, https:\/\/rubenczal.cz\/wp-content\/uploads\/2023\/09\/prolog_bikes-768x138.jpg 768w, https:\/\/rubenczal.cz\/wp-content\/uploads\/2023\/09\/prolog_bikes.jpg 1298w\" sizes=\"auto, (max-width: 706px) 89vw, (max-width: 767px) 82vw, 740px\" \/><\/figure>\n\n\n\n<p><\/p>\n\n\n<p><\/p>","protected":false},"excerpt":{"rendered":"<p>PO\u0158ADATEL Z\u00c1VODU: &nbsp; &nbsp;&nbsp; \u010cESTN\u00dd PARTNER Z\u00c1VODU:HLAVN\u00cd PARTNER: MEDI\u00c1LN\u00cd PARTNE\u0158I NA\u0160I PARTNE\u0158I<\/p>\n","protected":false},"author":1,"featured_media":0,"parent":0,"menu_order":0,"comment_status":"closed","ping_status":"closed","template":"","meta":{"ngg_post_thumbnail":0,"footnotes":""},"class_list":["post-48","page","type-page","status-publish","hentry"],"_links":{"self":[{"href":"https:\/\/rubenczal.cz\/index.php\/wp-json\/wp\/v2\/pages\/48","targetHints":{"allow":["GET"]}}],"collection":[{"href":"https:\/\/rubenczal.cz\/index.php\/wp-json\/wp\/v2\/pages"}],"about":[{"href":"https:\/\/rubenczal.cz\/index.php\/wp-json\/wp\/v2\/types\/page"}],"author":[{"embeddable":true,"href":"https:\/\/rubenczal.cz\/index.php\/wp-json\/wp\/v2\/users\/1"}],"replies":[{"embeddable":true,"href":"https:\/\/rubenczal.cz\/index.php\/wp-json\/wp\/v2\/comments?post=48"}],"version-history":[{"count":21,"href":"https:\/\/rubenczal.cz\/index.php\/wp-json\/wp\/v2\/pages\/48\/revisions"}],"predecessor-version":[{"id":2555,"href":"https:\/\/rubenczal.cz\/index.php\/wp-json\/wp\/v2\/pages\/48\/revisions\/2555"}],"wp:attachment":[{"href":"https:\/\/rubenczal.cz\/index.php\/wp-json\/wp\/v2\/media?parent=48"}],"curies":[{"name":"wp","href":"https:\/\/api.w.org\/{rel}","templated":true}]}}