{"id":44,"date":"2018-10-06T14:28:15","date_gmt":"2018-10-06T12:28:15","guid":{"rendered":"http:\/\/rubenczal.cz\/?page_id=44"},"modified":"2025-12-19T22:57:12","modified_gmt":"2025-12-19T21:57:12","slug":"registrace-2","status":"publish","type":"page","link":"https:\/\/rubenczal.cz\/index.php\/registrace-2\/","title":{"rendered":"Registrace"},"content":{"rendered":"<p><strong>ON-LINE<\/strong> Registrace<br \/>\nje otev\u0159ena od 11.10.2025 do 4.10.2026 do 12:00 hod<\/p>\n\n<div class=\"wpcf7 no-js\" id=\"wpcf7-f60-o1\" lang=\"cs-CZ\" dir=\"ltr\" data-wpcf7-id=\"60\">\n<div class=\"screen-reader-response\"><p role=\"status\" aria-live=\"polite\" aria-atomic=\"true\"><\/p> <ul><\/ul><\/div>\n<form action=\"\/index.php\/wp-json\/wp\/v2\/pages\/44#wpcf7-f60-o1\" method=\"post\" class=\"wpcf7-form init\" aria-label=\"Kontaktn\u00ed formul\u00e1\u0159\" novalidate=\"novalidate\" data-status=\"init\">\n<fieldset class=\"hidden-fields-container\"><input type=\"hidden\" name=\"_wpcf7\" value=\"60\" \/><input type=\"hidden\" name=\"_wpcf7_version\" value=\"6.1.2\" \/><input type=\"hidden\" name=\"_wpcf7_locale\" value=\"cs_CZ\" \/><input type=\"hidden\" name=\"_wpcf7_unit_tag\" value=\"wpcf7-f60-o1\" \/><input type=\"hidden\" name=\"_wpcf7_container_post\" value=\"0\" \/><input type=\"hidden\" name=\"_wpcf7_posted_data_hash\" value=\"\" \/><input type=\"hidden\" name=\"_wpcf7_recaptcha_response\" value=\"\" \/>\n<\/fieldset>\n<p><label> Jm\u00e9no (vy\u017eadov\u00e1no)<br \/>\n<span class=\"wpcf7-form-control-wrap\" data-name=\"your-name\"><input size=\"40\" maxlength=\"400\" class=\"wpcf7-form-control wpcf7-text wpcf7-validates-as-required\" aria-required=\"true\" aria-invalid=\"false\" value=\"\" type=\"text\" name=\"your-name\" \/><\/span> <\/label><br \/>\n<label> P\u0159\u00edjmen\u00ed (vy\u017eadov\u00e1no)<br \/>\n<span class=\"wpcf7-form-control-wrap\" data-name=\"your-prijmeni\"><input size=\"40\" maxlength=\"400\" class=\"wpcf7-form-control wpcf7-text wpcf7-validates-as-required\" aria-required=\"true\" aria-invalid=\"false\" value=\"\" type=\"text\" name=\"your-prijmeni\" \/><\/span> <\/label><br \/>\n<label> E-mail (vy\u017eadov\u00e1no)<br \/>\n<span class=\"wpcf7-form-control-wrap\" data-name=\"your-email\"><input size=\"40\" maxlength=\"400\" class=\"wpcf7-form-control wpcf7-email wpcf7-validates-as-required wpcf7-text wpcf7-validates-as-email\" aria-required=\"true\" aria-invalid=\"false\" value=\"\" type=\"email\" name=\"your-email\" \/><\/span> <\/label><br \/>\n<label> Telefon (vy\u017eadov\u00e1no)<br \/>\n<span class=\"wpcf7-form-control-wrap\" data-name=\"your-phone\"><input size=\"40\" maxlength=\"400\" class=\"wpcf7-form-control wpcf7-text wpcf7-validates-as-required\" aria-required=\"true\" aria-invalid=\"false\" value=\"\" type=\"text\" name=\"your-phone\" \/><\/span> <\/label><br \/>\n<label> Datum narozen\u00ed (vy\u017eadov\u00e1no)<br \/>\n<span class=\"wpcf7-form-control-wrap\" data-name=\"Datumnarozen\"><input class=\"wpcf7-form-control wpcf7-date wpcf7-validates-as-required wpcf7-validates-as-date\" aria-required=\"true\" aria-invalid=\"false\" value=\"\" type=\"date\" name=\"Datumnarozen\" \/><\/span> <\/label><br \/>\n<label> N\u00e1rodnost<br \/>\n<span class=\"wpcf7-form-control-wrap\" data-name=\"Nrodnost\"><select class=\"wpcf7-form-control wpcf7-select\" aria-invalid=\"false\" name=\"Nrodnost\"><option value=\"\u010cR\">\u010cR<\/option><option value=\"PL\">PL<\/option><option value=\"SK\">SK<\/option><option value=\"DE\">DE<\/option><option value=\"Other\">Other<\/option><\/select><\/span> <span class=\"wpcf7-form-control-wrap\" data-name=\"Pohlav\"><span class=\"wpcf7-form-control wpcf7-radio\"><span class=\"wpcf7-list-item first\"><input type=\"radio\" name=\"Pohlav\" value=\"Mu\u017e\" \/><span class=\"wpcf7-list-item-label\">Mu\u017e<\/span><\/span><span class=\"wpcf7-list-item\"><input type=\"radio\" name=\"Pohlav\" value=\"\u017dena\" \/><span class=\"wpcf7-list-item-label\">\u017dena<\/span><\/span><span class=\"wpcf7-list-item last\"><input type=\"radio\" name=\"Pohlav\" value=\"Jin\u00e9\" \/><span class=\"wpcf7-list-item-label\">Jin\u00e9<\/span><\/span><\/span><\/span> <\/label><br \/>\n<label> Ulice<br \/>\n<span class=\"wpcf7-form-control-wrap\" data-name=\"Ulice\"><input size=\"40\" maxlength=\"400\" class=\"wpcf7-form-control wpcf7-text\" aria-invalid=\"false\" value=\"\" type=\"text\" name=\"Ulice\" \/><\/span> <\/label><br \/>\n<label> M\u011bsto<br \/>\n<span class=\"wpcf7-form-control-wrap\" data-name=\"mesto\"><input size=\"40\" maxlength=\"400\" class=\"wpcf7-form-control wpcf7-text\" aria-invalid=\"false\" value=\"\" type=\"text\" name=\"mesto\" \/><\/span> <\/label><br \/>\n<label> Odd\u00edl<br \/>\n<span class=\"wpcf7-form-control-wrap\" data-name=\"Oddil\"><input size=\"40\" maxlength=\"400\" class=\"wpcf7-form-control wpcf7-text\" aria-invalid=\"false\" value=\"\" type=\"text\" name=\"Oddil\" \/><\/span> <\/label><br \/>\n<label> Odkud jste se dozv\u011bd\u011bli o na\u0161em z\u00e1vodu?<br \/>\n<span class=\"wpcf7-form-control-wrap\" data-name=\"Zdroj\"><span class=\"wpcf7-form-control wpcf7-radio\"><span class=\"wpcf7-list-item first\"><input type=\"radio\" name=\"Zdroj\" value=\"Minul\u00fd \u00fa\u010dastn\u00edk\" \/><span class=\"wpcf7-list-item-label\">Minul\u00fd \u00fa\u010dastn\u00edk<\/span><\/span><span class=\"wpcf7-list-item\"><input type=\"radio\" name=\"Zdroj\" value=\"Facebook\" \/><span class=\"wpcf7-list-item-label\">Facebook<\/span><\/span><span class=\"wpcf7-list-item\"><input type=\"radio\" name=\"Zdroj\" value=\"Email\" \/><span class=\"wpcf7-list-item-label\">Email<\/span><\/span><span class=\"wpcf7-list-item last\"><input type=\"radio\" name=\"Zdroj\" value=\"R\u00e1dio\" \/><span class=\"wpcf7-list-item-label\">R\u00e1dio<\/span><\/span><\/span><\/span> <\/label><br \/>\n<label> M\u00e1te rezervaci ubytov\u00e1n\u00ed na Horsk\u00e9 chat\u011b Port\u00e1\u0161ky?<br \/>\n<span class=\"wpcf7-form-control-wrap\" data-name=\"Ubytko\"><span class=\"wpcf7-form-control wpcf7-radio\"><span class=\"wpcf7-list-item first\"><input type=\"radio\" name=\"Ubytko\" value=\"Ano\" \/><span class=\"wpcf7-list-item-label\">Ano<\/span><\/span><span class=\"wpcf7-list-item last\"><input type=\"radio\" name=\"Ubytko\" value=\"Ne\" \/><span class=\"wpcf7-list-item-label\">Ne<\/span><\/span><\/span><\/span> <\/label><br \/>\n<label> Pozn\u00e1mka pro organiz\u00e1tory<br \/>\n<span class=\"wpcf7-form-control-wrap\" data-name=\"your-message\"><textarea cols=\"40\" rows=\"10\" maxlength=\"2000\" class=\"wpcf7-form-control wpcf7-textarea\" aria-invalid=\"false\" name=\"your-message\"><\/textarea><\/span> <\/label>\n<\/p>\n<p><span class=\"wpcf7-form-control-wrap\" data-name=\"checkbox-694\"><span class=\"wpcf7-form-control wpcf7-checkbox wpcf7-validates-as-required\"><span class=\"wpcf7-list-item first last\"><input type=\"checkbox\" name=\"checkbox-694[]\" value=\"Odesl\u00e1n\u00edm tohoto formul\u00e1\u0159e, spolu s \u00fadaji zde obsa\u017een\u00fdmi, v\u00fdslovn\u011b prohla\u0161uji, \u017ee souhlas\u00edm se zpracov\u00e1n\u00edm mnou poskytnut\u00fdch osobn\u00edch \u00fadaj\u016f v souladu s na\u0159\u00edzen\u00edm Evropsk\u00e9ho Parlamentu a Rady \u010d. 2016\/679 ze dne 27.4.2016 o ochran\u011b osobn\u00edch \u00fadaj\u016f (GDPR). A z\u00e1rove\u0148 vysloven\u011b souhlas\u00edm s u\u017eit\u00edm dron\u016f organiz\u00e1tor\u016f nad mou osobou\" \/><span class=\"wpcf7-list-item-label\">Odesl\u00e1n\u00edm tohoto formul\u00e1\u0159e, spolu s \u00fadaji zde obsa\u017een\u00fdmi, v\u00fdslovn\u011b prohla\u0161uji, \u017ee souhlas\u00edm se zpracov\u00e1n\u00edm mnou poskytnut\u00fdch osobn\u00edch \u00fadaj\u016f v souladu s na\u0159\u00edzen\u00edm Evropsk\u00e9ho Parlamentu a Rady \u010d. 2016\/679 ze dne 27.4.2016 o ochran\u011b osobn\u00edch \u00fadaj\u016f (GDPR). A z\u00e1rove\u0148 vysloven\u011b souhlas\u00edm s u\u017eit\u00edm dron\u016f organiz\u00e1tor\u016f nad mou osobou<\/span><\/span><\/span><\/span>\n<\/p>\n\n<p><input class=\"wpcf7-form-control wpcf7-submit has-spinner\" type=\"submit\" value=\"Odeslat registraci\" \/>\n<\/p><div class=\"wpcf7-response-output\" aria-hidden=\"true\"><\/div>\n<\/form>\n<\/div>\n\n","protected":false},"excerpt":{"rendered":"<p>ON-LINE Registrace je otev\u0159ena od 11.10.2025 do 4.10.2026 do 12:00 hod<\/p>\n","protected":false},"author":1,"featured_media":0,"parent":0,"menu_order":0,"comment_status":"closed","ping_status":"closed","template":"","meta":{"ngg_post_thumbnail":0,"footnotes":""},"class_list":["post-44","page","type-page","status-publish","hentry"],"_links":{"self":[{"href":"https:\/\/rubenczal.cz\/index.php\/wp-json\/wp\/v2\/pages\/44","targetHints":{"allow":["GET"]}}],"collection":[{"href":"https:\/\/rubenczal.cz\/index.php\/wp-json\/wp\/v2\/pages"}],"about":[{"href":"https:\/\/rubenczal.cz\/index.php\/wp-json\/wp\/v2\/types\/page"}],"author":[{"embeddable":true,"href":"https:\/\/rubenczal.cz\/index.php\/wp-json\/wp\/v2\/users\/1"}],"replies":[{"embeddable":true,"href":"https:\/\/rubenczal.cz\/index.php\/wp-json\/wp\/v2\/comments?post=44"}],"version-history":[{"count":16,"href":"https:\/\/rubenczal.cz\/index.php\/wp-json\/wp\/v2\/pages\/44\/revisions"}],"predecessor-version":[{"id":3552,"href":"https:\/\/rubenczal.cz\/index.php\/wp-json\/wp\/v2\/pages\/44\/revisions\/3552"}],"wp:attachment":[{"href":"https:\/\/rubenczal.cz\/index.php\/wp-json\/wp\/v2\/media?parent=44"}],"curies":[{"name":"wp","href":"https:\/\/api.w.org\/{rel}","templated":true}]}}