{"id":3485,"date":"2025-10-26T12:17:59","date_gmt":"2025-10-26T11:17:59","guid":{"rendered":"https:\/\/rubenczal.cz\/?page_id=3485"},"modified":"2025-10-26T12:19:45","modified_gmt":"2025-10-26T11:19:45","slug":"2025-2","status":"publish","type":"page","link":"https:\/\/rubenczal.cz\/index.php\/2025-2\/","title":{"rendered":"2025"},"content":{"rendered":"\n<p>D\u011bkujeme v\u0161em \u00fa\u010dastn\u00edk\u016fm, kte\u0159\u00ed se dostavili na start na\u0161eho z\u00e1vodu. A hledali sv\u00e9ho ducha. A snad ho i na\u0161li!<br>Krakono\u0161 se na n\u00e1s usm\u00e1l, odvanul d\u00e9\u0161\u0165 a v\u00edtr, a n\u00e1\u0161 z\u00e1vod prob\u011bhl, op\u011bt! za kr\u00e1sn\u00e9ho po\u010das\u00ed. To v\u00edte v polovin\u011b \u0159\u00edjna je po\u010das\u00ed u n\u00e1s na hor\u00e1ch, nevyzpytateln\u00e9, ale d\u00edky tomu, m\u00e1 n\u00e1\u0161 z\u00e1vod ty spr\u00e1vn\u00e9 \u201egr\u00e1dy\u201c.<br>Jsem r\u00e1di, \u017ee n\u00e1\u0161 z\u00e1vod ji\u017e po n\u011bkolik let podporuje Intersport Pec pod Sn\u011b\u017ekou, kter\u00fd dodal, op\u011bt ty nejhodnotn\u011bj\u0161\u00ed ceny pro nejrychlej\u0161\u00ed \u017eenu a nejrychlej\u0161\u00edho mu\u017ee z\u00e1vodu.<\/p>\n\n\n\nngg_shortcode_0_placeholder\n","protected":false},"excerpt":{"rendered":"<p>D\u011bkujeme v\u0161em \u00fa\u010dastn\u00edk\u016fm, kte\u0159\u00ed se dostavili na start na\u0161eho z\u00e1vodu. A hledali sv\u00e9ho ducha. A snad ho i na\u0161li!Krakono\u0161 se na n\u00e1s usm\u00e1l, odvanul d\u00e9\u0161\u0165 a v\u00edtr, a n\u00e1\u0161 z\u00e1vod prob\u011bhl, op\u011bt! za kr\u00e1sn\u00e9ho po\u010das\u00ed. To v\u00edte v polovin\u011b \u0159\u00edjna je po\u010das\u00ed u n\u00e1s na hor\u00e1ch, nevyzpytateln\u00e9, ale d\u00edky tomu, m\u00e1 n\u00e1\u0161 z\u00e1vod ty spr\u00e1vn\u00e9 &hellip; <\/p>\n<p class=\"link-more\"><a href=\"https:\/\/rubenczal.cz\/index.php\/2025-2\/\" class=\"more-link\">Pokra\u010dovat ve \u010dten\u00ed<span class=\"screen-reader-text\"> &#8222;2025&#8220;<\/span><\/a><\/p>\n","protected":false},"author":1,"featured_media":0,"parent":0,"menu_order":0,"comment_status":"closed","ping_status":"closed","template":"","meta":{"ngg_post_thumbnail":0,"footnotes":""},"class_list":["post-3485","page","type-page","status-publish","hentry"],"_links":{"self":[{"href":"https:\/\/rubenczal.cz\/index.php\/wp-json\/wp\/v2\/pages\/3485","targetHints":{"allow":["GET"]}}],"collection":[{"href":"https:\/\/rubenczal.cz\/index.php\/wp-json\/wp\/v2\/pages"}],"about":[{"href":"https:\/\/rubenczal.cz\/index.php\/wp-json\/wp\/v2\/types\/page"}],"author":[{"embeddable":true,"href":"https:\/\/rubenczal.cz\/index.php\/wp-json\/wp\/v2\/users\/1"}],"replies":[{"embeddable":true,"href":"https:\/\/rubenczal.cz\/index.php\/wp-json\/wp\/v2\/comments?post=3485"}],"version-history":[{"count":2,"href":"https:\/\/rubenczal.cz\/index.php\/wp-json\/wp\/v2\/pages\/3485\/revisions"}],"predecessor-version":[{"id":3532,"href":"https:\/\/rubenczal.cz\/index.php\/wp-json\/wp\/v2\/pages\/3485\/revisions\/3532"}],"wp:attachment":[{"href":"https:\/\/rubenczal.cz\/index.php\/wp-json\/wp\/v2\/media?parent=3485"}],"curies":[{"name":"wp","href":"https:\/\/api.w.org\/{rel}","templated":true}]}}