{"id":309,"date":"2018-10-07T00:22:22","date_gmt":"2018-10-06T22:22:22","guid":{"rendered":"http:\/\/rubenczal.cz\/?page_id=309"},"modified":"2023-09-03T12:36:29","modified_gmt":"2023-09-03T10:36:29","slug":"2017-2","status":"publish","type":"page","link":"https:\/\/rubenczal.cz\/index.php\/2017-2\/","title":{"rendered":"2017"},"content":{"rendered":"<p>7. ro\u010dn\u00edk z\u00e1vodu se konal 14.10.2017<\/p>\nngg_shortcode_0_placeholder\n","protected":false},"excerpt":{"rendered":"<p>7. ro\u010dn\u00edk z\u00e1vodu se konal 14.10.2017<\/p>\n","protected":false},"author":1,"featured_media":0,"parent":0,"menu_order":0,"comment_status":"closed","ping_status":"closed","template":"","meta":{"ngg_post_thumbnail":0,"footnotes":""},"class_list":["post-309","page","type-page","status-publish","hentry"],"_links":{"self":[{"href":"https:\/\/rubenczal.cz\/index.php\/wp-json\/wp\/v2\/pages\/309","targetHints":{"allow":["GET"]}}],"collection":[{"href":"https:\/\/rubenczal.cz\/index.php\/wp-json\/wp\/v2\/pages"}],"about":[{"href":"https:\/\/rubenczal.cz\/index.php\/wp-json\/wp\/v2\/types\/page"}],"author":[{"embeddable":true,"href":"https:\/\/rubenczal.cz\/index.php\/wp-json\/wp\/v2\/users\/1"}],"replies":[{"embeddable":true,"href":"https:\/\/rubenczal.cz\/index.php\/wp-json\/wp\/v2\/comments?post=309"}],"version-history":[{"count":7,"href":"https:\/\/rubenczal.cz\/index.php\/wp-json\/wp\/v2\/pages\/309\/revisions"}],"predecessor-version":[{"id":1999,"href":"https:\/\/rubenczal.cz\/index.php\/wp-json\/wp\/v2\/pages\/309\/revisions\/1999"}],"wp:attachment":[{"href":"https:\/\/rubenczal.cz\/index.php\/wp-json\/wp\/v2\/media?parent=309"}],"curies":[{"name":"wp","href":"https:\/\/api.w.org\/{rel}","templated":true}]}}