{"id":291,"date":"2018-10-06T23:47:25","date_gmt":"2018-10-06T21:47:25","guid":{"rendered":"http:\/\/rubenczal.cz\/?page_id=291"},"modified":"2025-09-27T20:49:38","modified_gmt":"2025-09-27T18:49:38","slug":"napsali-o-nas","status":"publish","type":"page","link":"https:\/\/rubenczal.cz\/index.php\/napsali-o-nas\/","title":{"rendered":"Napsali o n\u00e1s"},"content":{"rendered":"\n<p><\/p>\n\n\n\n<p><strong>2025<\/strong><\/p>\n\n\n\n<figure class=\"wp-block-embed is-type-wp-embed is-provider-vlo-en wp-block-embed-vlo-en\"><div class=\"wp-block-embed__wrapper\">\n<blockquote class=\"wp-embedded-content\" data-secret=\"ypJAK1q5rE\"><a href=\"https:\/\/www.aktivtono.cz\/2025\/09\/16\/rubenczal-se-vraci-prozene-vas-z-portasek-pres-pec-pod-snezkou-na-cernou-horu-dolu-do-upy-a-jeste-zpatky\/\">Rubenczal se vrac\u00ed. Pro\u017eene v\u00e1s z\u00a0Port\u00e1\u0161ek p\u0159es Pec pod Sn\u011b\u017ekou na \u010cernou horu, pak dol\u016f do \u00dapy a je\u0161t\u011b zp\u00e1tky<\/a><\/blockquote><iframe loading=\"lazy\" class=\"wp-embedded-content\" sandbox=\"allow-scripts\" security=\"restricted\" style=\"position: absolute; visibility: hidden;\" title=\"&#8222;Rubenczal se vrac\u00ed. Pro\u017eene v\u00e1s z\u00a0Port\u00e1\u0161ek p\u0159es Pec pod Sn\u011b\u017ekou na \u010cernou horu, pak dol\u016f do \u00dapy a je\u0161t\u011b zp\u00e1tky&#8220; &#8212; \" src=\"https:\/\/www.aktivtono.cz\/2025\/09\/16\/rubenczal-se-vraci-prozene-vas-z-portasek-pres-pec-pod-snezkou-na-cernou-horu-dolu-do-upy-a-jeste-zpatky\/embed\/#?secret=TJVcsa7MjI#?secret=ypJAK1q5rE\" data-secret=\"ypJAK1q5rE\" width=\"525\" height=\"296\" frameborder=\"0\" marginwidth=\"0\" marginheight=\"0\" scrolling=\"no\"><\/iframe>\n<\/div><\/figure>\n\n\n\n<p><strong>2024<\/strong><\/p>\n\n\n\n<p><a href=\"https:\/\/www.mujrozhlas.cz\/zive\/hradec-kralove?autoplay=1\" target=\"_blank\" rel=\"noreferrer noopener\">\u010cesk\u00fd rozhlas &#8211; pozv\u00e1nka 14:27<\/a><\/p>\n\n\n\n<p><a href=\"https:\/\/krkonossky.denik.cz\/ctenar-reporter\/poznej-sveho-ducha-vyzyva-rubenczal-pohansky-duch-a-ultimatni-bezecky-zavod-2024.html\" target=\"_blank\" rel=\"noreferrer noopener\">Krkono\u0161sk\u00fd den\u00edk<\/a><\/p>\n\n\n\n<p>&nbsp;<a href=\"https:\/\/www.pecpodsnezkou.cz\/akce\/horsky-bezecky-zavod-rubenczal\/\" target=\"_blank\" rel=\"noreferrer noopener\">Pec pod Sn\u011b\u017ekou<\/a><\/p>\n\n\n\n<p><a href=\"https:\/\/www.bezvabeh.cz\/clanek\/8162-rubenczal-ma-bezce-rad-z-portasek-do-pece-na-cernou-horu-a-pres-dolni-upu-zase-nahoru\" target=\"_blank\" rel=\"noreferrer noopener\">Bezva B\u011bh<\/a><\/p>\n\n\n\n<p><a href=\"https:\/\/rokprazdnin.cz\/2024\/10\/22\/beh-s-panem-krkonos-aneb-rubenczal-2024\/\" target=\"_blank\" rel=\"noreferrer noopener\">Rok pr\u00e1zdnin &#8211; B\u011bh s p\u00e1nem Krkono\u0161, aneb Rubenczal 2024<\/a><\/p>\n\n\n\n<p>&nbsp;<a href=\"https:\/\/www.aktivtono.cz\/2024\/10\/26\/rubenczal-ma-bezce-rad-z-portasek-do-pece-na-cernou-horu-a-pres-dolni-upu-zase-nahoru\/\" target=\"_blank\" rel=\"noreferrer noopener\">Attivno<\/a><\/p>\n\n\n\n<p><strong>2023<\/strong><\/p>\n\n\n\n<figure class=\"wp-block-embed\"><div class=\"wp-block-embed__wrapper\">\nhttps:\/\/www.aktivtono.cz\/2024\/08\/31\/poznej-sveho-ducha-nebo-demona-vyzyva-rubenczal-pohansky-duch-krkonos-a-ultimatni-bezecky-zavod\n<\/div><\/figure>\n\n\n\n<p><strong>2016<\/strong><\/p>\n\n\n\n<p><a href=\"https:\/\/barefootpetr.wordpress.com\/2016\/10\/18\/rubenczal\/\" target=\"_blank\" rel=\"noopener\">Petr &#8211; Barefootpetr &#8211; Jednou ub\u011bhnu 100 mil<\/a><\/p>\n\n\n\n<p><strong>2014<\/strong><\/p>\n\n\n\n<p><a href=\"https:\/\/michaelastranska.blog.idnes.cz\/blog.aspx?c=429013\" target=\"_blank\" rel=\"noopener\">Michaela Str\u00e1nsk\u00e1 &#8211; Poznala jsem sv\u00e9ho ducha&#8230; aneb poko\u0159ila jsem Rubenczal 2014!<\/a><br><\/p>\n","protected":false},"excerpt":{"rendered":"<p>2025 2024 \u010cesk\u00fd rozhlas &#8211; pozv\u00e1nka 14:27 Krkono\u0161sk\u00fd den\u00edk &nbsp;Pec pod Sn\u011b\u017ekou Bezva B\u011bh Rok pr\u00e1zdnin &#8211; B\u011bh s p\u00e1nem Krkono\u0161, aneb Rubenczal 2024 &nbsp;Attivno 2023 2016 Petr &#8211; Barefootpetr &#8211; Jednou ub\u011bhnu 100 mil 2014 Michaela Str\u00e1nsk\u00e1 &#8211; Poznala jsem sv\u00e9ho ducha&#8230; aneb poko\u0159ila jsem Rubenczal 2014!<\/p>\n","protected":false},"author":1,"featured_media":0,"parent":0,"menu_order":0,"comment_status":"closed","ping_status":"closed","template":"","meta":{"ngg_post_thumbnail":0,"footnotes":""},"class_list":["post-291","page","type-page","status-publish","hentry"],"_links":{"self":[{"href":"https:\/\/rubenczal.cz\/index.php\/wp-json\/wp\/v2\/pages\/291","targetHints":{"allow":["GET"]}}],"collection":[{"href":"https:\/\/rubenczal.cz\/index.php\/wp-json\/wp\/v2\/pages"}],"about":[{"href":"https:\/\/rubenczal.cz\/index.php\/wp-json\/wp\/v2\/types\/page"}],"author":[{"embeddable":true,"href":"https:\/\/rubenczal.cz\/index.php\/wp-json\/wp\/v2\/users\/1"}],"replies":[{"embeddable":true,"href":"https:\/\/rubenczal.cz\/index.php\/wp-json\/wp\/v2\/comments?post=291"}],"version-history":[{"count":15,"href":"https:\/\/rubenczal.cz\/index.php\/wp-json\/wp\/v2\/pages\/291\/revisions"}],"predecessor-version":[{"id":3420,"href":"https:\/\/rubenczal.cz\/index.php\/wp-json\/wp\/v2\/pages\/291\/revisions\/3420"}],"wp:attachment":[{"href":"https:\/\/rubenczal.cz\/index.php\/wp-json\/wp\/v2\/media?parent=291"}],"curies":[{"name":"wp","href":"https:\/\/api.w.org\/{rel}","templated":true}]}}