{"id":275,"date":"2018-10-06T23:18:57","date_gmt":"2018-10-06T21:18:57","guid":{"rendered":"http:\/\/rubenczal.cz\/?page_id=275"},"modified":"2024-11-02T02:50:38","modified_gmt":"2024-11-02T01:50:38","slug":"tiskova-zprava","status":"publish","type":"page","link":"https:\/\/rubenczal.cz\/index.php\/tiskova-zprava\/","title":{"rendered":"Tiskov\u00e1 zpr\u00e1va"},"content":{"rendered":"<p>&nbsp;<\/p>\n<p><strong>Rubenczal 2025<\/strong><\/p>\n<p>Horsk\u00e1 b\u011b\u017eeck\u00e1 v\u00fdzva v sam\u00e9m srdci Krkono\u0161 s mottem: \u201ePoznej sv\u00e9ho ducha!\u201c<\/p>\n<p>V leto\u0161n\u00edm roce 11.10. 2025, odstartuje jubilejn\u00ed <strong>15t\u00fd ro\u010dn\u00edk<\/strong> Horsk\u00e9ho b\u011b\u017eeck\u00e9ho z\u00e1vodu RUBENCZAL 2025. Profesion\u00e1ln\u00ed i amat\u00e9r\u0161t\u00ed b\u011b\u017eci mohou otestovat sv\u00e9 limity v n\u00e1ro\u010dn\u00e9m horsk\u00e9m ter\u00e9nu, odkud se nab\u00edzej\u00ed fantastick\u00e9 v\u00fdhledy na dominanty Krkono\u0161 a cel\u00e9 Podkrkono\u0161\u00ed. P\u0159i dobr\u00e9m po\u010das\u00ed bude vid\u011bt daleko do kraje. Z\u00e1vod je zcela v\u00fdjime\u010dn\u00fd sv\u00fdm v\u00fd\u0161kov\u00fdm profilem. B\u011b\u017eci mus\u00ed p\u0159ekonat skoro 1.300 v\u00fd\u0161kov\u00fdch metr\u016f v obou sm\u011brech.<\/p>\n<p>V\u00edme, \u017ee d\u00edky profilu trati je z\u00e1vod nejen sportovn\u00edm, ale tak\u00e9 du\u0161evn\u00edm z\u00e1\u017eitkem ka\u017ed\u00e9ho \u00fa\u010dastn\u00edka. Je to ji\u017e tradi\u010dn\u00ed z\u00e1vod zalo\u017een\u00fd na fair-play a p\u0159\u00e1telsk\u00e9 atmosf\u00e9\u0159e. Po\u010det b\u011b\u017ec\u016f je limitov\u00e1n 50ti, proto se z tohoto z\u00e1vodu nikde nestane masov\u00e1 z\u00e1le\u017eitost. Chceme, aby si udr\u017eel svou komorn\u00ed atmosf\u00e9ru se sv\u00fdmi v\u011brn\u00fdmi fanou\u0161ky. Jedn\u00e1 se o ultim\u00e1tn\u00ed z\u00e1vod.<\/p>\n<p>Po\u0159adatelem z\u00e1vodu jsou Horsk\u00e1 chata Port\u00e1\u0161ky (<a href=\"http:\/\/www.portasky.cz\">www.portasky.cz<\/a>) a Horolezeck\u00e1 \u0161kola &#8211; (<a href=\"http:\/\/www.skolalezeni.cz\">www.skolalezeni.cz<\/a>).<\/p>\n<p>P\u016flmaraton startuje za jak\u00e9hokoli po\u010das\u00ed p\u0159\u00edmo na Horsk\u00e9 chat\u011b Port\u00e1\u0161ky, Velk\u00e1 \u00dapa 110, Pec pod Sn\u011b\u017ekou.<\/p>\n<p>Tra\u0165 vede od Horsk\u00e9 chaty Port\u00e1\u0161ky, nahoru na R\u016f\u017eohorky, a pak do \u00fadol\u00ed Pece pod Sn\u011b\u017ekou, vystoup\u00e1 kolem Javorky, p\u0159es Slatinnou str\u00e1\u0148 ke Kol\u00ednsk\u00e9 boud\u011b a pak k vys\u00edla\u010di na \u010cern\u00e9 ho\u0159e. Potom p\u0159es P\u011bticest\u00ed, Val\u0161ovy boudy skles\u00e1 do Velk\u00e9 \u00dapy a pak se vrac\u00ed p\u0159es \u0160raml na m\u00edsto startu. Po cest\u011b bude n\u011bkolikero ob\u010derstvova\u010dek.<br \/>\nOrganiz\u00e1to\u0159i poskytuj\u00ed b\u011b\u017ec\u016fm na trati z\u00e1zem\u00ed v podob\u011b t\u0159ech ob\u010derstvovac\u00edch a \u0161esti kontroln\u00edch stanovi\u0161\u0165. Na ka\u017ed\u00e9m stanovi\u0161ti je z\u00e1vodn\u00edk zaps\u00e1n obsluhou, aby byl p\u0159ehled o v\u0161ech b\u011b\u017ec\u00edch na trati z\u00e1vodu.<\/p>\n<p>Za p\u0159ede\u0161l\u00fdch let, byla tra\u0165 z\u00e1vodu n\u011bkolikr\u00e1t pozm\u011bn\u011bna. Pro rok 2024 jsme provedli zm\u011bnu trasy, kter\u00e1 se t\u00edm stane mnohem atraktivn\u011bj\u0161\u00ed.<\/p>\n<p><strong>Hlavn\u00ed my\u0161lenkou z\u00e1vodu nen\u00ed boj o m\u00edsta na stupn\u00edch v\u00edt\u011bz\u016f<\/strong>. Z\u00e1vod je otev\u0159en naprosto komukoli, kdo se chce postavit sv\u00e9 osobn\u00ed v\u00fdzvy.<\/p>\n<p>Organiz\u00e1to\u0159i skrze partnerstv\u00ed se spolkem nesly\u0161\u00edc\u00edch Hradec Kr\u00e1lov\u00e9 a se \u0161kolou J. Je\u017eka pro zrakov\u011b posti\u017een\u00e9 podporuj\u00ed nejen zrakov\u011b a sluchov\u011b hendikepovan\u00e9 sportovce, kte\u0159\u00ed maj\u00ed startovn\u00e9, ubytov\u00e1n\u00ed a kompletn\u00ed z\u00e1zem\u00ed zdarma. T\u00edmto zp\u016fsobem tak podporujeme hendikepovan\u00e9 sportovce a nab\u00edz\u00edme jim mo\u017enost b\u00fdt v&nbsp;bezprost\u0159edn\u00edm kontaktu s&nbsp;\u010deskou i zahrani\u010dn\u00ed sportovn\u00ed komunitou, nejen na vrcholov\u00e9 \u00farovni.<\/p>\n<p>Po z\u00e1vodu a vyhl\u00e1\u0161en\u00ed v\u00fdsledk\u016f je tradi\u010dn\u00ed afterparty s \u017eivou muzikou.<\/p>\n<p>Z\u00e1vod se odkazuje k legend\u00e1rn\u00edmu duchu Krkono\u0161sk\u00fdch hor Rubenczalovi a tak\u00e9 k odkazu krkono\u0161sk\u00fdch z\u00e1vodn\u00edk\u016f Han\u010de a Vrbaty.<\/p>\n<p>Rubenczal je prad\u00e1vn\u00e9 \u2013 mytologick\u00e9 ztv\u00e1rn\u011bn\u00ed Krakono\u0161e ducha hor.<\/p>\n<p>Proto tak\u00e9 motto z\u00e1vodu &#8222;Poznej sv\u00e9ho ducha!&#8220;!<br \/>\nRUBENCZAL je jedn\u00edm z nejstar\u0161\u00edch, ne-li v\u016fbec nejstar\u0161\u00edm dokladem, existence legend o Krakono\u0161ovi. Prvn\u00ed grafick\u00e9 zn\u00e1zorn\u011bn\u00ed Rubenczala se objevilo roku 1561 na nejstar\u0161\u00ed map\u011b Slezska, a to o sto let d\u0159\u00edve, ne\u017e jeho legenda dos\u00e1hla evropsk\u00e9 popularity. Autorem mapy je vzd\u011blan\u00fd humanista, vratislavick\u00fd kartograf a matematik Martin Helwig.<\/p>\n<p>Obraz &#8222;Krakono\u0161e&#8220; sestaven\u00fd z kus\u00fdch zpr\u00e1v je zna\u010dn\u011b ne\u00fapln\u00fd a rozporn\u00fd: Krakono\u0161 se zjevuje poutn\u00edk\u016fm v \u010desk\u00fdch les\u00edch a v K\u00e9rkono\u0161\u00edch posledn\u00edch p\u00e1r stovek let. P\u0159idru\u017euje se k nim v podob\u011b mnicha, zav\u00e1d\u00ed je na zcest\u00ed, pak vyskakuje na strom, odkud se jim vysm\u00edv\u00e1.&nbsp; Je pr\u00fd p\u00e1nem poklad\u016f drah\u00fdch kov\u016f, kter\u00e9 jsou v hor\u00e1ch skryty a je\u017e nikdo nem\u016f\u017ee z\u00edskat, nebo\u0165 se jich nerad vzd\u00e1v\u00e1. Nikdy nikomu nep\u016fsob\u00ed bolest, pokud se mu nevysm\u00edv\u00e1 nebo ho ne\u0161k\u00e1dl\u00ed. Posm\u011bv\u00e1\u010dk\u016fm se zjevuje a trest\u00e1 je n\u00e1hl\u00fdm ne\u010dasem, bou\u0159kou, blesky, krupobit\u00edm nebo lij\u00e1kem. Je tak\u00e9 zn\u00e1m sv\u00fdm um\u00edn\u00edm l\u00e9\u010dit.<\/p>\n<p>M\u011bjte se tedy na pozoru a nalezn\u011bte pr\u00e1v\u011b toho sv\u00e9ho RUBENCZALA!<\/p>\n<p>&nbsp;<\/p>\n","protected":false},"excerpt":{"rendered":"<p>&nbsp; Rubenczal 2025 Horsk\u00e1 b\u011b\u017eeck\u00e1 v\u00fdzva v sam\u00e9m srdci Krkono\u0161 s mottem: \u201ePoznej sv\u00e9ho ducha!\u201c V leto\u0161n\u00edm roce 11.10. 2025, odstartuje jubilejn\u00ed 15t\u00fd ro\u010dn\u00edk Horsk\u00e9ho b\u011b\u017eeck\u00e9ho z\u00e1vodu RUBENCZAL 2025. Profesion\u00e1ln\u00ed i amat\u00e9r\u0161t\u00ed b\u011b\u017eci mohou otestovat sv\u00e9 limity v n\u00e1ro\u010dn\u00e9m horsk\u00e9m ter\u00e9nu, odkud se nab\u00edzej\u00ed fantastick\u00e9 v\u00fdhledy na dominanty Krkono\u0161 a cel\u00e9 Podkrkono\u0161\u00ed. P\u0159i dobr\u00e9m po\u010das\u00ed &hellip; <\/p>\n<p class=\"link-more\"><a href=\"https:\/\/rubenczal.cz\/index.php\/tiskova-zprava\/\" class=\"more-link\">Pokra\u010dovat ve \u010dten\u00ed<span class=\"screen-reader-text\"> &#8222;Tiskov\u00e1 zpr\u00e1va&#8220;<\/span><\/a><\/p>\n","protected":false},"author":1,"featured_media":0,"parent":0,"menu_order":0,"comment_status":"closed","ping_status":"closed","template":"","meta":{"ngg_post_thumbnail":0,"footnotes":""},"class_list":["post-275","page","type-page","status-publish","hentry"],"_links":{"self":[{"href":"https:\/\/rubenczal.cz\/index.php\/wp-json\/wp\/v2\/pages\/275","targetHints":{"allow":["GET"]}}],"collection":[{"href":"https:\/\/rubenczal.cz\/index.php\/wp-json\/wp\/v2\/pages"}],"about":[{"href":"https:\/\/rubenczal.cz\/index.php\/wp-json\/wp\/v2\/types\/page"}],"author":[{"embeddable":true,"href":"https:\/\/rubenczal.cz\/index.php\/wp-json\/wp\/v2\/users\/1"}],"replies":[{"embeddable":true,"href":"https:\/\/rubenczal.cz\/index.php\/wp-json\/wp\/v2\/comments?post=275"}],"version-history":[{"count":16,"href":"https:\/\/rubenczal.cz\/index.php\/wp-json\/wp\/v2\/pages\/275\/revisions"}],"predecessor-version":[{"id":2880,"href":"https:\/\/rubenczal.cz\/index.php\/wp-json\/wp\/v2\/pages\/275\/revisions\/2880"}],"wp:attachment":[{"href":"https:\/\/rubenczal.cz\/index.php\/wp-json\/wp\/v2\/media?parent=275"}],"curies":[{"name":"wp","href":"https:\/\/api.w.org\/{rel}","templated":true}]}}