{"id":274,"date":"2018-10-06T23:18:57","date_gmt":"2018-10-06T21:18:57","guid":{"rendered":"http:\/\/rubenczal.cz\/?page_id=274"},"modified":"2023-10-25T23:40:58","modified_gmt":"2023-10-25T21:40:58","slug":"faq","status":"publish","type":"page","link":"https:\/\/rubenczal.cz\/index.php\/faq\/","title":{"rendered":"FAQ"},"content":{"rendered":"<p><strong>Pro koho je z\u00e1vod ur\u010den?<\/strong><br \/>\nPro ka\u017ed\u00e9ho, bez v\u011bkov\u00e9ho a gendrov\u00e9ho omezen\u00ed.<\/p>\n<p><strong>Jak si m\u00e1m za\u0159\u00eddit povolen\u00ed pro vjezd do KRNAPu?<\/strong><br \/>\nInstrukce pro p\u0159\u00edjezd autem naleznete <a href=\"http:\/\/www.portasky.cz\/cs\/jak-se-dostanete\" target=\"_blank\" rel=\"noopener\">ZDE<\/a><\/p>\n<p><strong>Je mo\u017en\u00e9 se ubytovat z d\u016fvod\u016f Afterp\u00e1rty?<\/strong><br \/>\nAno. Sta\u010d\u00ed napsat popt\u00e1vku na: <a href=\"mailto:portasky@portasky.cz\">portasky@portasky.cz<\/a><\/p>\n<p><strong>Jak zpracov\u00e1v\u00e1te moje osobn\u00ed \u00fadaje?<\/strong><br \/>\nOsobn\u00ed \u00fadaje zpracov\u00e1v\u00e1me a uchov\u00e1v\u00e1me <a href=\"https:\/\/rubenczal.cz\/index.php\/ochrana-osobnich-udaju\/\">ve V\u00e1mi povolen\u00e9m rozsahu.<\/a><\/p>\n<p><strong>Kde najdu pravidla z\u00e1vodu?<\/strong><br \/>\nPravidla z\u00e1vodu naleznete zde: <a href=\"https:\/\/rubenczal.cz\/index.php\/pravidla-zavodu\/\">Pravidla z\u00e1vodu<\/a><\/p>\n","protected":false},"excerpt":{"rendered":"<p>Pro koho je z\u00e1vod ur\u010den? Pro ka\u017ed\u00e9ho, bez v\u011bkov\u00e9ho a gendrov\u00e9ho omezen\u00ed. Jak si m\u00e1m za\u0159\u00eddit povolen\u00ed pro vjezd do KRNAPu? Instrukce pro p\u0159\u00edjezd autem naleznete ZDE Je mo\u017en\u00e9 se ubytovat z d\u016fvod\u016f Afterp\u00e1rty? Ano. Sta\u010d\u00ed napsat popt\u00e1vku na: portasky@portasky.cz Jak zpracov\u00e1v\u00e1te moje osobn\u00ed \u00fadaje? Osobn\u00ed \u00fadaje zpracov\u00e1v\u00e1me a uchov\u00e1v\u00e1me ve V\u00e1mi povolen\u00e9m rozsahu. Kde &hellip; <\/p>\n<p class=\"link-more\"><a href=\"https:\/\/rubenczal.cz\/index.php\/faq\/\" class=\"more-link\">Pokra\u010dovat ve \u010dten\u00ed<span class=\"screen-reader-text\"> &#8222;FAQ&#8220;<\/span><\/a><\/p>\n","protected":false},"author":1,"featured_media":0,"parent":0,"menu_order":0,"comment_status":"closed","ping_status":"closed","template":"","meta":{"ngg_post_thumbnail":0,"footnotes":""},"class_list":["post-274","page","type-page","status-publish","hentry"],"_links":{"self":[{"href":"https:\/\/rubenczal.cz\/index.php\/wp-json\/wp\/v2\/pages\/274","targetHints":{"allow":["GET"]}}],"collection":[{"href":"https:\/\/rubenczal.cz\/index.php\/wp-json\/wp\/v2\/pages"}],"about":[{"href":"https:\/\/rubenczal.cz\/index.php\/wp-json\/wp\/v2\/types\/page"}],"author":[{"embeddable":true,"href":"https:\/\/rubenczal.cz\/index.php\/wp-json\/wp\/v2\/users\/1"}],"replies":[{"embeddable":true,"href":"https:\/\/rubenczal.cz\/index.php\/wp-json\/wp\/v2\/comments?post=274"}],"version-history":[{"count":7,"href":"https:\/\/rubenczal.cz\/index.php\/wp-json\/wp\/v2\/pages\/274\/revisions"}],"predecessor-version":[{"id":2335,"href":"https:\/\/rubenczal.cz\/index.php\/wp-json\/wp\/v2\/pages\/274\/revisions\/2335"}],"wp:attachment":[{"href":"https:\/\/rubenczal.cz\/index.php\/wp-json\/wp\/v2\/media?parent=274"}],"curies":[{"name":"wp","href":"https:\/\/api.w.org\/{rel}","templated":true}]}}