{"id":273,"date":"2018-10-06T23:18:57","date_gmt":"2018-10-06T21:18:57","guid":{"rendered":"http:\/\/rubenczal.cz\/?page_id=273"},"modified":"2023-09-03T12:13:31","modified_gmt":"2023-09-03T10:13:31","slug":"uzitecne-informace","status":"publish","type":"page","link":"https:\/\/rubenczal.cz\/index.php\/uzitecne-informace\/","title":{"rendered":"U\u017eite\u010dn\u00e9 informace"},"content":{"rendered":"<p>Telefon na Horskou slu\u017ebu: <strong>1210<\/strong><\/p>\n<p>Doporu\u010dujeme si instalovat aplikaci <a href=\"https:\/\/www.zachrankaapp.cz\/\" target=\"_blank\" rel=\"noopener\"><strong>Z\u00e1chranka<\/strong><\/a><\/p>\n<p><strong>Kontakty na po\u0159adatele:<\/strong><\/p>\n<p>Leo\u0161 Kratochv\u00edl <a href=\"mailto:info@skolalezeni.cz\">E-mail<\/a> Tel.: +420 720210409<br \/>\nMichal John <a href=\"mailto:michal@portasky.cz\">E-mail<\/a> Tel.: +420 608901390<\/p>\n","protected":false},"excerpt":{"rendered":"<p>Telefon na Horskou slu\u017ebu: 1210 Doporu\u010dujeme si instalovat aplikaci Z\u00e1chranka Kontakty na po\u0159adatele: Leo\u0161 Kratochv\u00edl E-mail Tel.: +420 720210409 Michal John E-mail Tel.: +420 608901390<\/p>\n","protected":false},"author":1,"featured_media":0,"parent":0,"menu_order":0,"comment_status":"closed","ping_status":"closed","template":"","meta":{"ngg_post_thumbnail":0,"footnotes":""},"class_list":["post-273","page","type-page","status-publish","hentry"],"_links":{"self":[{"href":"https:\/\/rubenczal.cz\/index.php\/wp-json\/wp\/v2\/pages\/273","targetHints":{"allow":["GET"]}}],"collection":[{"href":"https:\/\/rubenczal.cz\/index.php\/wp-json\/wp\/v2\/pages"}],"about":[{"href":"https:\/\/rubenczal.cz\/index.php\/wp-json\/wp\/v2\/types\/page"}],"author":[{"embeddable":true,"href":"https:\/\/rubenczal.cz\/index.php\/wp-json\/wp\/v2\/users\/1"}],"replies":[{"embeddable":true,"href":"https:\/\/rubenczal.cz\/index.php\/wp-json\/wp\/v2\/comments?post=273"}],"version-history":[{"count":3,"href":"https:\/\/rubenczal.cz\/index.php\/wp-json\/wp\/v2\/pages\/273\/revisions"}],"predecessor-version":[{"id":1988,"href":"https:\/\/rubenczal.cz\/index.php\/wp-json\/wp\/v2\/pages\/273\/revisions\/1988"}],"wp:attachment":[{"href":"https:\/\/rubenczal.cz\/index.php\/wp-json\/wp\/v2\/media?parent=273"}],"curies":[{"name":"wp","href":"https:\/\/api.w.org\/{rel}","templated":true}]}}