{"id":265,"date":"2018-10-06T23:04:36","date_gmt":"2018-10-06T21:04:36","guid":{"rendered":"http:\/\/rubenczal.cz\/?page_id=265"},"modified":"2023-09-03T13:32:39","modified_gmt":"2023-09-03T11:32:39","slug":"pravidla-zavodu","status":"publish","type":"page","link":"https:\/\/rubenczal.cz\/index.php\/pravidla-zavodu\/","title":{"rendered":"Pravidla z\u00e1vodu"},"content":{"rendered":"<section>\n<h1>Pravidla z\u00e1vodu<\/h1>\n<p>V\u0161eobecn\u00e9 podm\u00ednky pro \u00fa\u010dastn\u00edky Horsk\u00e9ho b\u011bhu Rubenczal.<\/p>\n<p>Po\u0159adatelem a organiz\u00e1torem (d\u00e1le jen jako \u201eorganiz\u00e1tor\u201c) Horsk\u00e9ho b\u011bhu Rubenczal (d\u00e1le jen \u201eb\u011bh\u201c, \u201eakce\u201c \u010di \u201ez\u00e1vod\u201c) je Jurikol, a.s., \u010cechurova 2355\/29,193 00 Praha 9, I\u010cO: 25080644, DI\u010c: CZ25080644, Zapsan\u00e1 u M\u011bstsk\u00e9ho soudu v Praze, odd\u00edl B, vlo\u017eka \u010d.&nbsp; 17271, p\u0159i\u010dem\u017e registrac\u00ed dle t\u011bchto podm\u00ednek vznik\u00e1 smluvn\u00ed vztah mezi organiz\u00e1torem a \u00fa\u010dastn\u00edkem akce. \u00da\u010dastn\u00edkem akce m\u016f\u017ee b\u00fdt pouze osoba spl\u0148uj\u00edc\u00ed p\u0159edpoklady stanoven\u00e9 t\u011bmito podm\u00ednkami. Tyto podm\u00ednky jsou ned\u00edlnou sou\u010d\u00e1st\u00ed smluvn\u00edho vztahu mezi organiz\u00e1torem a \u00fa\u010dastn\u00edkem b\u011bhu.<\/p>\n<h6>I.<br \/>\n\u00da\u010dinnost a platnost podm\u00ednek<\/h6>\n<p>Tyto podm\u00ednky upravuj\u00ed pr\u00e1vn\u00ed vztah mezi \u00fa\u010dastn\u00edkem a organiz\u00e1torem Horsk\u00e9ho b\u011bhu Rubenczal. Smluvn\u00ed vztah vznik\u00e1 registrac\u00ed \u00fa\u010dastn\u00edka k jeho \u00fa\u010dasti na z\u00e1vodu. Tyto Podm\u00ednky se st\u00e1vaj\u00ed ned\u00edlnou sou\u010d\u00e1st\u00ed smlouvy mezi organiz\u00e1torem a \u00fa\u010dastn\u00edkem. \u00da\u010dastn\u00edk bere na v\u011bdom\u00ed a v\u00fdslovn\u011b? souhlas\u00ed s t\u00edm, \u017ee organiz\u00e1tor je opr\u00e1vn\u011bn m\u011bnit podm\u00ednky b\u011bh\u016f, jako\u017e i pravidla b\u011bhu. Ve\u0161ker\u00e9 zm\u011bny podm\u00ednek b\u011bhu \u010di pravidel z\u00e1vodu budou zve\u0159ejn\u011bny na webov\u00fdch str\u00e1nk\u00e1ch http:\/\/www.rubenczal.cz<\/p>\n<h6>II.<br \/>\n.Pravidla pro \u00fa\u010dast na b\u011bhu a bezpe\u010dnost z\u00e1vodn\u00edk\u016f<\/h6>\n<p>B\u011bhu se mu\u017ee z\u00fa\u010dastnit jak\u00e1koli fyzick\u00e1 osoba, jej\u00ed\u017e zdravotn\u00ed stav \u00fa\u010dast na tomto typu z\u00e1vodu umo\u017e\u0148uje, a kter\u00e1 je star\u0161\u00ed 18 let. \u00da\u010dastn\u00edk mlad\u0161\u00ed 18-ti let mus\u00ed b\u00fdt zmocn\u011bn sv\u00fdm z\u00e1konn\u00fdm z\u00e1stupcem. \u00da\u010dastn\u00edk nesm\u00ed na z\u00e1vod p\u0159ij\u00edt v nebo s jak\u00fdmkoliv vybaven\u00edm, kter\u00e9 by mohlo b\u00fdt nebezpe\u010dn\u00e9 pro ostatn\u00ed \u00fa\u010dastn\u00edky akce, div\u00e1ky \u010di pro samotn\u00e9ho \u00fa\u010dastn\u00edka. V p\u0159\u00edpad\u011b, \u017ee \u00fa\u010dastn\u00edk m\u00e1 pochybnost o bezpe\u010dnosti jeho vybaven\u00ed, je povinen o t\u00e9to skute\u010dnosti informovat organiz\u00e1tora, kter\u00fd vybaven\u00ed povol\u00ed nebo zak\u00e1\u017ee, a to p\u00edsemnou formou. V p\u0159\u00edpad\u011b, \u017ee organiz\u00e1tor povolen\u00ed z jak\u00e9hokoliv d\u016fvodu neud\u011bl\u00ed nebo zak\u00e1\u017ee, je \u00fa\u010dastn\u00edk povinen si vz\u00edt jin\u00e9, nez\u00e1vadn\u00e9 vybaven\u00ed. \u00da\u010dastn\u00edci budou informov\u00e1ni o v\u0161ech organiza\u010dn\u00edch opat\u0159en\u00edch p\u0159ed za\u010d\u00e1tkem z\u00e1vodu. \u00da\u010dastn\u00edci jsou povinni se \u0159\u00eddit pokyny organiz\u00e1tora z\u00e1vodu a t\u011bmito organiza\u010dn\u00edmi opat\u0159en\u00edmi. Organiz\u00e1tor m\u00e1 pr\u00e1vo vylou\u010dit nebo diskvalifikovat jak\u00e9hokoli \u00fa\u010dastn\u00edka, jeho\u017e chov\u00e1n\u00ed by mohlo ohrozit bezpe\u010dn\u00fd pr\u016fb\u011bh z\u00e1vodu nebo bezpe\u010dnost ostatn\u00edch \u00fa\u010dastn\u00edk. Organiz\u00e1tor m\u00e1 t\u00e9\u017e pr\u00e1vo \u00fa\u010dastn\u00edka vylou\u010dit, pokud se nebude chovat v souladu s pravidly z\u00e1vodu. Osobou, kter\u00e1 m\u016f\u017ee vylou\u010dit nebo diskvalifikovat \u00fa\u010dastn\u00edka, je pouze osoba \u0159\u00e1dn\u011b zmocn\u011bn\u00e1 nebo ur\u010den\u00e1 organiz\u00e1torem (zejm\u00e9na, a nikoliv v\u00fdlu\u010dn\u011b to mohou b\u00fdt \u010dlenov\u00e9 zdravotnick\u00e9ho t\u00fdmu, t\u00fdmu prvn\u00ed pomoci, \u010dlenov\u00e9 ochranky, dobrovoln\u00edci, organiz\u00e1to\u0159i z\u00e1vodu na m\u00edst\u011b kon\u00e1n\u00ed akce \u010di samotn\u00fd organiz\u00e1tor). \u00da\u010dastn\u00edk je povinen podrobit se l\u00e9ka\u0159sk\u00e9mu vy\u0161et\u0159en\u00ed v m\u00edst\u011b kon\u00e1n\u00ed z\u00e1vodu, v p\u0159\u00edpad\u011b, \u017ee to bude nutn\u00e9 vzhledem k ochran\u011b jeho zdrav\u00ed nebo bezpe\u010dnosti \u010di ochran\u011b jin\u00fdch osob a je povinen uposlechnout p\u0159\u00edkaz\u016fm osob vykon\u00e1vaj\u00edc\u00edch l\u00e9ka\u0159sk\u00e9 vy\u0161et\u0159en\u00ed.<\/p>\n<h6>III.<br \/>\nPodm\u00ednky registrace<\/h6>\n<p>Registraci \u00fa\u010dastn\u00edk provede prost\u0159ednictv\u00edm on-line registra\u010dn\u00edho syst\u00e9mu na internetov\u00fdch str\u00e1nk\u00e1ch http:\/\/www.rubenczal.cz nebo na organiz\u00e1torem ur\u010den\u00e9m m\u00edst\u011b, v den startu. \u00da\u010dastn\u00edk provede registraci jako jednotlivec, nebo t\u00fdm.&nbsp; Registrace je mo\u017en\u00e1 prost\u0159ednictv\u00edm registra\u010dn\u00edho formul\u00e1\u0159e, nebo registra\u010dn\u00edho syst\u00e9mu, nebo osobn\u011b? v den z\u00e1vodu.<\/p>\n<p>Ceny a platebn\u00ed podm\u00ednky budou uve\u0159ejn\u011bny vhodn\u00fdm zp\u016fsobem na internetov\u00fdch str\u00e1nk\u00e1ch www.rubenczal.cz \u010di na webov\u00fdch str\u00e1nk\u00e1ch registra\u010dn\u00edho syst\u00e9mu. Registrace je pova\u017eov\u00e1na za platnou a\u017e po jej\u00edm zaplacen\u00ed, a to \u010d\u00e1stkou platnou v den platby, kter\u00e1 je v pln\u00e9 v\u00fd\u0161i p\u0159ips\u00e1na na \u00fa\u010det po\u0159adatele. Zaplacen\u00edm se rozum\u00ed p\u0159ips\u00e1n\u00ed cel\u00e9 \u010d\u00e1stky na \u00fa\u010det po\u0159adatele. Registra\u010dn\u00ed poplatek potvrzen\u00fd \u00fa\u010dastn\u00edkem v objedn\u00e1vce je kone\u010dn\u00fd, nevratn\u00fd ani ho nelze p\u0159ev\u00e9st na jinou osobu a z\u00e1vod. V\u0161ichni \u00fa\u010dastn\u00edci mus\u00ed b\u00fdt p\u0159i b\u011bhu vhodn\u011b oble\u010deni, m\u00edt s sebou zapnut\u00fd a nabit\u00fd mobiln\u00ed telefon a viditeln\u011b m\u00edt na sob\u011b startovn\u00ed \u010d\u00edslo, kter\u00e9 si v ur\u010denou dobu mus\u00ed vyzvednout. Startovac\u00ed \u010d\u00edslo z\u016fst\u00e1v\u00e1 z\u00e1vodn\u00edk\u016fm.<\/p>\n<p>\u00da\u010dastn\u00edk nen\u00ed opr\u00e1vn\u011bn p\u0159en\u00e9st \u010di p\u0159ev\u00e9st sv\u00e9 startovn\u00ed \u010d\u00edslo na jinou osobu. Startovn\u00ed \u010d\u00edslo je individu\u00e1ln\u00ed povahy a je nep\u0159enosn\u00e9. Startovn\u00ed \u010d\u00edslo je \u00fa\u010dastn\u00edk povinen m\u00edt na sob\u011b p\u0159i startu b\u011bhu a bez n\u011bj nebude na start vpu\u0161t\u011bn. \u00da\u010dastn\u00edk mus\u00ed vynalo\u017eit ve\u0161kerou mo\u017enou p\u00e9\u010di, aby startovn\u00ed \u010d\u00edslo m\u011bl na sob\u011b viditeln\u00e9 b\u011bhem cel\u00e9ho z\u00e1vodu. V p\u0159\u00edpad\u011b, \u017ee \u00fa\u010dastn\u00edk nebude m\u00edt startovn\u00ed \u010d\u00edslo b\u011bhem z\u00e1vodu, nen\u00ed organiz\u00e1tor povinen mu poskytnout pln\u011bn\u00ed poskytovan\u00e1 nad r\u00e1mec \u00fa\u010dasti na b\u011bhu (zejm\u00e9na fotografie, videa, dary aj.).<\/p>\n<p>\u00da\u010dastn\u00edk je povinen b\u00fdt v\u010das na startu z\u00e1vodu. \u010cas z\u00e1vodu je pevn\u00fd, pokud nebylo stanoveno jinak. Organiz\u00e1tor m\u016f\u017ee posunout \u010das startu v p\u0159\u00edpad\u011b z\u00e1sahu vy\u0161\u0161\u00ed moci. V p\u0159\u00edpad\u011b prome\u0161k\u00e1n\u00ed \u010dasu \u00fa\u010dastn\u00edka nebo t\u00fdmu p\u0159i startu, je \u00fa\u010dastn\u00edk nebo t\u00fdm vylou\u010den ze z\u00e1vodu a nem\u00e1 n\u00e1rok na vr\u00e1cen\u00ed registra\u010dn\u00edho poplatku!<\/p>\n<p>Zaregistrovan\u00fd \u00fa\u010dastn\u00edk, jen\u017e se b\u011bhu nez\u00fa\u010dastn\u00ed, a? u\u017e o sv\u00e9m odstoupen\u00ed bude organiz\u00e1tora p\u0159ed z\u00e1vodem informovat, nebo nikoliv, nem\u00e1 n\u00e1rok na vr\u00e1cen\u00ed organiza\u010dn\u00edho poplatku (d\u00e1le jen jako \u201estartovn\u00e9\u201c).<\/p>\n<p>Startovn\u00e9 bude \u00fa\u010dastn\u00edkovi navr\u00e1ceno jedin\u011b z d\u016fvodu zru\u0161en\u00ed cel\u00e9ho z\u00e1vodu s v\u00fdhradou \u010dl. IV podm\u00ednek.<\/p>\n<p>Organiz\u00e1tor je opr\u00e1vn\u011bn stanovit organiza\u010dn\u00ed limit (po\u010det \u00fa\u010dastn\u00edk\u016f a\/nebo posledn\u00ed mo\u017en\u00fd term\u00edn p\u0159ihl\u00e1\u0161en\u00ed), kter\u00fd bude v takov\u00e9m p\u0159\u00edpad? uveden na webov\u00fdch str\u00e1nk\u00e1ch www.rubenczal.cz nebo str\u00e1nek registra\u010dn\u00edho syst\u00e9mu. Registrace u\u010din\u011bn\u00e1 po dosa\u017een\u00ed tohoto limitu nen\u00ed z pravidla mo\u017en\u00e1.<\/p>\n<p>Z\u00e1vodu se mohou z\u00fa\u010dastnit pouze \u0159\u00e1dn\u011b a v\u010das zaregistrovan\u00ed \u00fa\u010dastn\u00edci. Ostatn\u00ed osoby se nemohou z\u00e1vodu \u00fa\u010dastnit a mohou b\u00fdt vyvedeni osobami ur\u010den\u00fdmi organiz\u00e1torem.<\/p>\n<h6>IV.<br \/>\nProhl\u00e1\u0161en\u00ed o zpro\u0161t\u011bn\u00ed odpov\u011bdnosti<\/h6>\n<p>Organiz\u00e1tor si vyhrazuje pr\u00e1vo zm\u011bnit pl\u00e1novan\u00fd program nebo b\u011bh zru\u0161it z d\u016fvodu \u017eiveln\u00ed pohromy, jin\u00e9 nep\u0159edv\u00eddateln\u00e9 ud\u00e1losti, z bezpe\u010dnostn\u00edch d\u016fvod\u016f, nebo pokud to bude vy\u017eadov\u00e1no ofici\u00e1ln\u00edm na\u0159\u00edzen\u00edm opr\u00e1vn\u011bn\u00fdch org\u00e1n\u016f st\u00e1tn\u00ed spr\u00e1vy \u010di samospr\u00e1vy. V takov\u00fdch p\u0159\u00edpadech nebude m\u00edt organiz\u00e1tor povinnost od\u0161kodnit \u00fa\u010dastn\u00edky za jak\u00e9koliv vznikl\u00e9 \u0161kody. Organiz\u00e1tor nen\u00ed odpov\u011bdn\u00fd za \u0161kody na majetku nebo finan\u010dn\u00ed \u0161kody, kter\u00e9 nejsou zavin\u011bny nebo kter\u00e9 nejsou zp\u016fsobeny hrub\u00fdm zanedb\u00e1n\u00edm ze strany organiz\u00e1tora. Organiz\u00e1tor neodpov\u00edd\u00e1 za zdravotn\u00ed stav \u00fa\u010dastn\u00edk? vyvolan\u00fd nebo zp\u016fsoben\u00fd \u00fa\u010dast\u00ed na b\u011bhu. Je povinnost\u00ed ka\u017ed\u00e9ho \u00fa\u010dastn\u00edka si p\u0159ed z\u00e1vodem nechat zkontrolovat sv\u016fj zdravotn\u00ed stav a p\u0159e\u010d\u00edst si ve\u0161ker\u00e9 informace poskytnut\u00e9 organiz\u00e1torem, zvl\u00e1\u0161t\u011b pak informace zve\u0159ejn\u011bn\u00e9 na webov\u00fdch str\u00e1nk\u00e1ch z\u00e1vodu. Organiz\u00e1tor neodpov\u00edd\u00e1 za technick\u00e9 probl\u00e9my jak\u00e9hokoliv druhu spojen\u00e9 s \u0159\u00e1dn\u00fdm proveden\u00edm registrace \u010di uhrazen\u00edm registra\u010dn\u00edho poplatku.<\/p>\n<h6>V.<br \/>\nPodm\u00ednky \u00fa\u010dasti na z\u00e1vodu<\/h6>\n<p>Registrac\u00ed do z\u00e1vodu \u00fa\u010dastn\u00edk potvrzuje a prohla\u0161uje n\u00e1sleduj\u00edc\u00ed:<\/p>\n<ol>\n<li>a) \u00da\u010dastn\u00edk prohla\u0161uje, \u017ee je osobou star\u0161\u00ed 18 let. V p\u0159\u00edpad\u011b \u00fa\u010dastn\u00edka mlad\u0161\u00edho 18-ti let, poskytuje toto prohl\u00e1\u0161en\u00ed z\u00e1konn\u00fd z\u00e1stupce \u00fa\u010dastn\u00edka.<\/li>\n<li>b) \u00da\u010dastn\u00edk si je v\u011bdom skute\u010dnosti, \u017ee na pln\u011bn\u00ed poskytnut\u00e1 nad r\u00e1mec samotn\u00e9ho z\u00e1vodu, nem\u00e1 pr\u00e1vn\u00ed n\u00e1rok.<\/li>\n<li>c) \u00da\u010dastn\u00edk prohla\u0161uje, \u017ee nebude po\u017e\u00edvat omamn\u00fdch nebo psychotropn\u00edch l\u00e1tek v\u010detn\u011b? l\u00e9k? se stejn\u00fdmi nebo obdobn\u00fdmi \u00fa\u010dinky. \u00da\u010dastn\u00edk d\u00e1le potvrzuje, \u017ee jeho zdravotn\u00ed stav odpov\u00edd\u00e1 n\u00e1ro\u010dnosti akce a je schopen akci bez \u00fajmy na sv\u00e9m zdrav\u00ed absolvovat.<\/li>\n<li>d) \u00da\u010dastn\u00edk akce se mus\u00ed \u0159\u00eddit v\u0161emi pokyny organiz\u00e1tora a jin\u00fdch osob, kter\u00e9 na pr\u016fb\u011bhu akce s organiz\u00e1torem spolupracuj\u00ed.<\/li>\n<li>e) \u00da\u010dastn\u00edk akce je povinen absolvovat ve\u0161ker\u00e1 \u0161kolen\u00ed \u010di instrukt\u00e1\u017ee po\u0159\u00e1dan\u00e9 organiz\u00e1torem pro \u00fa\u010dely zaji\u0161t\u011bn\u00ed bezpe\u010dnosti pr\u016fb\u011bhu akce nebo k \u00fa\u010del\u016fm jin\u00fdm dle uv\u00e1\u017een\u00ed organiz\u00e1tora.<\/li>\n<li>f) Ka\u017ed\u00fd \u00fa\u010dastn\u00edk je povinen m\u00edt uzav\u0159eno zdravotn\u00ed poji\u0161t\u011bn\u00ed na dobu z\u00e1vodu. Po\u0159adatel neposkytuje \u00fa\u010dastn\u00edk\u016fm poji\u0161t\u011bn\u00ed (zdravotn\u00ed, \u00farazov\u00e9, odpov\u011bdnosti apod.). Pokud je pot\u0159eba poji\u0161t\u011bn\u00ed nijak\u00e9ho druhu, je na \u00fa\u010dastn\u00edkovi si jej sjednat samostatn\u011b, zejm\u00e9na zdravotn\u00ed poji\u0161t\u011bn\u00ed pro p\u0159\u00edpadn\u00e9 o\u0161et\u0159en\u00ed \/ hospitalizaci. P\u0159\u00edpadn\u00e9 n\u00e1klady budou \u00fa\u010dtov\u00e1ny \u00fa\u010dastn\u00edkovi.<\/li>\n<li>g) \u00da\u010dastn\u00edk t\u00edmto ud\u011bluje dobrovoln\u011b, svobodn\u011b, v\u00e1\u017en\u011b a bez jak\u00e9hokoliv n\u00e1tlaku souhlas organiz\u00e1torovi se zpracov\u00e1n\u00edm osobn\u00edch \u00fadaj\u016f na z\u00e1klad\u011b z\u00e1kona \u010d.101\/2000 Sb., o ochran\u011b osobn\u00ed \u00fadaj\u016f. Souhlas se zpracov\u00e1v\u00e1n\u00edm osobn\u00edch \u00fadaj\u016f ud\u011bluje pro eviden\u010dn\u00ed, obchodn\u00ed a marketingov\u00e9 \u00fa\u010dely v r\u00e1mci \u010dinnosti organiz\u00e1tora. Souhlas je ud\u011blen na dobu neur\u010ditou. Tento souhlas m\u016f\u017ee \u00fa\u010dastn\u00edk kdykoliv p\u00edsemn\u011b odvolat. \u00da\u010dastn\u00edk m\u00e1 pr\u00e1vo na kontrolu sv\u00fdch osobn\u00edch \u00fadaj\u016f a na jejich opravu, pokud budou chybn\u00e9. \u00da\u010dastn\u00edk m\u00e1 d\u00e1le v\u016f\u010di organiz\u00e1torovi pr\u00e1vo vyzvat ho k pod\u00e1n\u00ed vysv\u011btlen\u00ed a k okam\u017eit\u00e9mu odstran\u011bn\u00ed z\u00e1vadn\u00e9ho stavu v p\u0159\u00edpad\u011b, \u017ee zjist\u00ed, \u017ee je s jeho osobn\u00edmi \u00fadaji nakl\u00e1d\u00e1no v rozporu se z\u00e1konem, zmocn\u011bn\u00edm podle tohoto souhlasu \u010di zp\u016fsobem, kter\u00fd se dot\u00fdk\u00e1, \u010di by se mohl dot\u00fdkat, jeho osobnostn\u00edch pr\u00e1v nebo jeho opr\u00e1vn\u011bn\u00fdch z\u00e1jm\u016f. V p\u0159\u00edpad\u011b opr\u00e1vn\u011bnosti takov\u00e9ho po\u017eadavku je organiz\u00e1tor povinen pochyben\u00ed odstranit a uv\u00e9st stav do souladu s po\u017eadavky \u00fa\u010dastn\u00edka. Pokud by organiz\u00e1tor opr\u00e1vn\u011bn\u00e9 v\u00fdzv\u011b nevyhov\u011bl, je sout\u011b\u017e\u00edc\u00ed opr\u00e1vn\u011bn obr\u00e1tit se se sv\u00fdm po\u017eadavkem na kompetentn\u00ed org\u00e1n.<\/li>\n<li>h) \u00da\u010dastn\u00edk v\u00fdslovn\u011b souhlas\u00ed s t\u00edm, aby organiz\u00e1tor z\u00e1vodu nebo j\u00edm pov\u011b\u0159en\u00e1 t\u0159et\u00ed osoba marketingov\u011b v souvislosti s t\u00edmto z\u00e1vodem vyu\u017eili ve prosp\u011bch organiz\u00e1tora osobn\u00ed \u00fadaje \u00fa\u010dastn\u00edka. \u00da\u010dastn\u00edk zejm\u00e9na v\u00fdslovn\u011b souhlas\u00ed s t\u00edm, aby bylo vyu\u017eito formou zve\u0159ejn\u011bn\u00ed jeho jm\u00e9no, p\u0159\u00edjmen\u00ed, ozna\u010den\u00ed jeho facebookov\u00e9ho profilu, m\u00edsto bydli\u0161t\u011b, aby byly vyu\u017eity ve\u0161ker\u00e9 obrazov\u00e9, zvukov\u011b audiovizu\u00e1ln\u00ed a obdobn\u00e9 z\u00e1znamy ve smyslu z\u00e1kona \u010d. 89\/2012 Sb., ob\u010dansk\u00fd z\u00e1kon\u00edk, a d\u00e1v\u00e1 t\u00edmto zcela bezv\u00fdjime\u010dn\u00fd souhlas takto vytvo\u0159en\u00e9 z\u00e1znamy u\u017e\u00edt bez dal\u0161\u00edch n\u00e1rok\u016f pro v\u00fdhradn\u00ed komer\u010dn\u00ed a marketingov\u00e9 \u00fa\u010dely organiz\u00e1tora z\u00e1vodu. \u00da\u010dastn\u00edk souhlas\u00ed se zve\u0159ejn\u011bn\u00edm startovac\u00ed listiny a v\u00fdsledkov\u00e9 listiny s uveden\u00edm jeho osobn\u00edch \u00fadaj\u016f.<\/li>\n<li>i) \u00da\u010dastn\u00edk d\u00e1le v\u00fdslovn\u011b souhlas\u00ed s t\u00edm, \u017ee organiz\u00e1tor z\u00e1vodu je dle z\u00e1kona \u010d. 121\/2000 Sb., autorsk\u00fd z\u00e1kon, opr\u00e1vn\u011bn p\u0159\u00edpadn\u011b vytvo\u0159en\u00e9 obrazov\u00e9 \u010di zvukov\u011b audiovizu\u00e1ln\u00ed a obdobn\u00e9 z\u00e1znamy v r\u00e1mci z\u00e1vodu n\u00e1sledn\u011b u\u017e\u00edt dle ustanoven\u00ed \u00a7 12,13 rozmno\u017eovat, \u00a714 roz\u0161i\u0159ovat, \u00a7 15 pronaj\u00edmat, \u00a716 p\u016fj\u010dovat, \u00a7 17 vystavovat a d\u00e1le dle ustanoven\u00ed \u00a7 18-20 sd\u011blovat ve\u0159ejnosti zejm\u00e9na prost\u0159ednictv\u00edm internetov\u00e9 s\u00edt? a v ti\u0161t\u011bn\u00fdch reklamn\u00edch nab\u00eddk\u00e1ch \u010di jin\u00fdch tiskovin\u00e1ch, to v\u0161e dle z\u00e1konn\u00e9 dikce autorsk\u00e9ho z\u00e1kona. Organiz\u00e1tor z\u00e1vodu je pak na z\u00e1klad? tohoto ustanoven\u00ed opr\u00e1vn\u011bn takto vytvo\u0159en\u00e9 z\u00e1znamy u\u017e\u00edvat pro sv\u00e9 komer\u010dn\u00ed, obchodn\u00ed a marketingov\u00e9 \u00fa\u010dely a realizace sv\u00e9ho podnikatelsk\u00e9ho z\u00e1m\u011bru. \u00da\u010dastn\u00edk se registrac\u00ed na z\u00e1vod v\u00fdslovn\u011b vzd\u00e1v\u00e1 ve\u0161ker\u00fdch majetkov\u00fdch n\u00e1rok? t\u00fdkaj\u00edc\u00edch se takto vytvo\u0159en\u00fdch obrazov\u00fdch \u010di zvukov\u011b audiovizu\u00e1ln\u00edch a obdobn\u00fdch z\u00e1znam\u016f, a to p\u0159edev\u0161\u00edm n\u00e1rok\u016f na jak\u00e9koliv finan\u010dn\u00ed vyrovn\u00e1n\u00ed \u010di p\u0159\u00edpadn\u00e9 kompenzace vypl\u00fdvaj\u00edc\u00ed z takto po\u0159\u00edzen\u00fdch z\u00e1znam\u016f vznikl\u00fdch na p\u0159edm\u011btn\u00e9m z\u00e1vodu. V\u0161echny osobn\u00ed \u00fadaje obrazov\u00e9 \u010di zvukov\u011b audiovizu\u00e1ln\u00ed a obdobn\u00e9 z\u00e1znamy v r\u00e1mci z\u00e1vodu mohou b\u00fdt d\u00e1le zpracov\u00e1ny ve v\u00fd\u0161e uveden\u00e9m rozsahu v elektronick\u00e9 datab\u00e1zi organiz\u00e1tora jak spr\u00e1vcem nebo zpracovatelem, se kter\u00fdm uzav\u0159e p\u0159\u00edslu\u0161nou (licen\u010dn\u00ed) smlouvu, stejn\u011b jako pro dal\u0161\u00ed komer\u010dn\u00ed \u00fa\u010dely jako zas\u00edl\u00e1n\u00ed obchodn\u00edch sd\u011blen\u00ed pro propaga\u010dn\u00ed a jin\u00e9 marketingov\u00e9 a obchodn\u00ed \u00fa\u010dely. \u00da\u010dastn\u00edk t\u00edmto vyjad\u0159uje v\u00fdslovn\u00fd souhlas s t\u011bmito ustanoven\u00edmi a ud\u011bluje organiz\u00e1torovi z\u00e1vodu v\u00fdhradn\u00ed, p\u0159enosn\u00fd, sub-licencovan\u00fd, bezplatn\u00fd, celosv\u011btov\u00fd souhlas k po\u0159izov\u00e1n\u00ed a n\u00e1sledn\u00e9mu dal\u0161\u00edmu vyu\u017eit\u00ed audiovizu\u00e1ln\u00edch, zvukov\u00fdch, obrazov\u00fdch a podobn\u00fdch z\u00e1znam? ze z\u00e1vodu, na kter\u00fdch je zachycena osoba sout\u011b\u017e\u00edc\u00ed \u010di jeho podobizna nebo jak\u00e9koliv jin\u00e9 vyobrazen\u00ed. \u00da\u010dastn\u00edk nen\u00ed opr\u00e1vn\u011bn v souvislosti se z\u00e1vodem po\u017eadovat a organiz\u00e1tor nen\u00ed nikterak povinen \u00fa\u010dastn\u00edkovi nahrazovat jakoukoliv n\u00e1hradu n\u00e1kladu \u010di \u0161kodu, kter\u00e9 by mohly v d\u016fsledku pr\u016fb\u011bhu z\u00e1vodu \u010di poskytov\u00e1n\u00ed shora citovan\u00fdch obrazov\u00fdch, zvukov\u011b audiovizu\u00e1ln\u00edch a obdobn\u00fdch z\u00e1znam\u016f \u00fa\u010dastn\u00edkovi vzniknout. \u00da\u010dastenstv\u00ed na z\u00e1vodu je tak zcela bez n\u00e1rokov\u00e9 na jak\u00e9koliv finan\u010dn\u00ed \u010di jin\u00e9 kompenzaci.<\/li>\n<li>j) \u00da\u010dastn\u00edk si je v\u011bdom toho a souhlas\u00ed s t\u00edm, \u017ee program akce a p\u0159\u00edpadn\u00e9 zm\u011bny jsou pln\u00e9 v kompetenci organiz\u00e1tora.<\/li>\n<li>k) \u00da\u010dastn\u00edk si je v\u011bdom toho, \u017ee \u00fa\u010dast na z\u00e1vodu je na vlastn\u00ed riziko a \u017ee organiz\u00e1tor akce nebo osoby, kter\u00e9 na pr\u016fb\u011bhu akce s organiz\u00e1torem spolupracuj\u00ed, neodpov\u00eddaj\u00ed za \u0161kodu nebo \u00fajmu na zdrav\u00ed nebo majetku \u00fa\u010dastn\u00edka nebo jin\u00fdch osob zp\u016fsobenou poru\u0161en\u00edm povinnost\u00ed \u00fa\u010dastn\u00edka plynouc\u00edch z t\u011bchto podm\u00ednek.<\/li>\n<li>l) \u00da\u010dastn\u00edk si je v\u011bdom toho a souhlas\u00ed s t\u00edm, \u017ee organiz\u00e1tor nen\u00ed odpov\u011bdn\u00fd za jakoukoli \u00fajmu na zdrav\u00ed, \u0161kodu na majetku nebo jinou \u00fajmu vzniklou v souvislosti s \u00fa\u010dast\u00ed v z\u00e1vod? nebo jeho sledov\u00e1n\u00edm.<\/li>\n<li>m) \u00da\u010dastn\u00edk si je v\u011bdom odpov\u011bdnosti, kterou nese za \u00fajmu na zdrav\u00ed a majetku sv\u00e9m nebo jin\u00fdch osob nebo vznik \u0161kody zp\u016fsoben\u00e9 poru\u0161en\u00edm sv\u00fdch povinnost\u00ed plynouc\u00edch z t\u011bchto podm\u00ednek.<\/li>\n<li>n) V\u0161echny \u0161kody, kter\u00e9 zp\u016fsob\u00ed sob\u011b, jin\u00fdm \u00fa\u010dastn\u00edk\u016fm akce, organiz\u00e1torovi nebo osob\u00e1m spolupracuj\u00edc\u00edm, je povinen uhradit v pln\u00e9 v\u00fd\u0161i a na vlastn\u00ed n\u00e1klady.<\/li>\n<li>o) \u00da\u010dastn\u00edci a div\u00e1ci maj\u00ed p\u0159\u00edsn\u00fd z\u00e1kaz vstupu se zv\u00ed\u0159aty do prostoru startu, c\u00edle a na tra\u0165.<\/li>\n<li>p) \u00da\u010dastn\u00edk prohla\u0161uje, \u017ee si je v\u011bdom rizik spo\u010d\u00edvaj\u00edc\u00edch v nebezpe\u010d\u00ed vzniku \u0161kody nebo \u00fajmy na zdrav\u00ed \u010di \u017eivotu vznikl\u00fdch p\u0159i \u00fa\u010dasti na b\u011bhu. \u00da\u010dastn\u00edk d\u00e1le prohla\u0161uje, \u017ee se akce \u00fa\u010dastn\u00ed dobrovoln\u011b a zavazuje se dodr\u017eovat podm\u00ednky \u00fa\u010dasti a instrukce organiz\u00e1tora a osob j\u00edm pov\u011b\u0159en\u00fdch.<\/li>\n<li>q) V\u0161ichni \u00fa\u010dastn\u00edci t\u00fdmov\u00e9ho b\u011bhu b\u011b\u017e\u00ed jen p\u0159edem ur\u010denou \u010d\u00e1st trati. T\u00fdmy \u2013 maxim\u00e1ln\u00ed po\u010det \u010dlen\u016f v t\u00fdmu je 10 osob. Kone\u010dn\u00e9 po\u0159ad\u00ed t\u00fdm\u016f je dle sou\u010dtu dosa\u017een\u00fdch ofici\u00e1ln\u00edch \u010das\u016f v\u0161ech \u010dlen\u016f.<\/li>\n<li>r) \u017d\u00e1dn\u00e9 z ustanoven\u00ed t\u011bchto podm\u00ednek nelze vykl\u00e1dat tak, \u017ee p\u0159edem vylu\u010duje nebo omezuje povinnost k n\u00e1hrad\u011b \u00fajmy zp\u016fsoben\u00e9 \u010dlov\u011bku na jeho p\u0159irozen\u00fdch pr\u00e1vech, anebo zp\u016fsoben\u00e9 \u00famysln\u011b nebo z hrub\u00e9 nedbalosti, anebo \u017ee se j\u00edm strana pr\u00e1va na takovou n\u00e1hradu vzd\u00e1v\u00e1.<\/li>\n<\/ol>\n<p>Zm\u011bny t\u011bchto Pravidel z\u00e1vodu jsou mo\u017en\u00e9 jednostrannou zm\u011bnou ze strany organiz\u00e1tora.<\/p>\n<h6>Tyto podm\u00ednky jsou \u00fa\u010dinn\u00e9 od 1. 7. 2017.<\/h6>\n<p>&nbsp;<\/p>\n<\/section>\n","protected":false},"excerpt":{"rendered":"<p>Pravidla z\u00e1vodu V\u0161eobecn\u00e9 podm\u00ednky pro \u00fa\u010dastn\u00edky Horsk\u00e9ho b\u011bhu Rubenczal. Po\u0159adatelem a organiz\u00e1torem (d\u00e1le jen jako \u201eorganiz\u00e1tor\u201c) Horsk\u00e9ho b\u011bhu Rubenczal (d\u00e1le jen \u201eb\u011bh\u201c, \u201eakce\u201c \u010di \u201ez\u00e1vod\u201c) je Jurikol, a.s., \u010cechurova 2355\/29,193 00 Praha 9, I\u010cO: 25080644, DI\u010c: CZ25080644, Zapsan\u00e1 u M\u011bstsk\u00e9ho soudu v Praze, odd\u00edl B, vlo\u017eka \u010d.&nbsp; 17271, p\u0159i\u010dem\u017e registrac\u00ed dle t\u011bchto podm\u00ednek vznik\u00e1 smluvn\u00ed &hellip; <\/p>\n<p class=\"link-more\"><a href=\"https:\/\/rubenczal.cz\/index.php\/pravidla-zavodu\/\" class=\"more-link\">Pokra\u010dovat ve \u010dten\u00ed<span class=\"screen-reader-text\"> &#8222;Pravidla z\u00e1vodu&#8220;<\/span><\/a><\/p>\n","protected":false},"author":1,"featured_media":0,"parent":0,"menu_order":0,"comment_status":"closed","ping_status":"closed","template":"","meta":{"ngg_post_thumbnail":0,"footnotes":""},"class_list":["post-265","page","type-page","status-publish","hentry"],"_links":{"self":[{"href":"https:\/\/rubenczal.cz\/index.php\/wp-json\/wp\/v2\/pages\/265","targetHints":{"allow":["GET"]}}],"collection":[{"href":"https:\/\/rubenczal.cz\/index.php\/wp-json\/wp\/v2\/pages"}],"about":[{"href":"https:\/\/rubenczal.cz\/index.php\/wp-json\/wp\/v2\/types\/page"}],"author":[{"embeddable":true,"href":"https:\/\/rubenczal.cz\/index.php\/wp-json\/wp\/v2\/users\/1"}],"replies":[{"embeddable":true,"href":"https:\/\/rubenczal.cz\/index.php\/wp-json\/wp\/v2\/comments?post=265"}],"version-history":[{"count":6,"href":"https:\/\/rubenczal.cz\/index.php\/wp-json\/wp\/v2\/pages\/265\/revisions"}],"predecessor-version":[{"id":2004,"href":"https:\/\/rubenczal.cz\/index.php\/wp-json\/wp\/v2\/pages\/265\/revisions\/2004"}],"wp:attachment":[{"href":"https:\/\/rubenczal.cz\/index.php\/wp-json\/wp\/v2\/media?parent=265"}],"curies":[{"name":"wp","href":"https:\/\/api.w.org\/{rel}","templated":true}]}}