{"id":2556,"date":"2024-10-22T15:22:41","date_gmt":"2024-10-22T13:22:41","guid":{"rendered":"https:\/\/rubenczal.cz\/?page_id=2556"},"modified":"2024-10-29T19:55:03","modified_gmt":"2024-10-29T18:55:03","slug":"2024-2","status":"publish","type":"page","link":"https:\/\/rubenczal.cz\/index.php\/2024-2\/","title":{"rendered":"2024"},"content":{"rendered":"\n<p>Dne 19.10.2024 prob\u011bhl ji\u017e 14-ct\u00fd ro\u010dn\u00edk z\u00e1vodu Rubenczal. Po\u010das\u00ed dopadlo na v\u00fdbornou a b\u011b\u017eci si to n\u00e1ramn\u011b u\u017eili.<br>R\u00e1di bychom pod\u011bkovali na\u0161emu hlavn\u00edmu partnerovi <a href=\"http:\/\/www.sportpec.cz\" target=\"_blank\" rel=\"noreferrer noopener\">SportPec<\/a> za kr\u00e1sn\u00e9 ceny a pomoc s organizac\u00ed. Z\u00e1rove\u0148 d\u011bkujeme v\u0161em <a href=\"https:\/\/rubenczal.cz\/index.php\/partneri\/\">na\u0161im partner\u016fm.<\/a><br>T\u011b\u0161\u00edme se na V\u00e1s na dal\u0161\u00edm ro\u010dn\u00edku a to 11.10.2025!<\/p>\n\n\n\n<figure class=\"wp-block-image size-medium\"><img loading=\"lazy\" decoding=\"async\" width=\"300\" height=\"200\" src=\"https:\/\/rubenczal.cz\/wp-content\/uploads\/2024\/10\/DSC_4131-1-300x200.jpg\" alt=\"\" class=\"wp-image-2569\" srcset=\"https:\/\/rubenczal.cz\/wp-content\/uploads\/2024\/10\/DSC_4131-1-300x200.jpg 300w, https:\/\/rubenczal.cz\/wp-content\/uploads\/2024\/10\/DSC_4131-1-1024x683.jpg 1024w, https:\/\/rubenczal.cz\/wp-content\/uploads\/2024\/10\/DSC_4131-1-768x512.jpg 768w, https:\/\/rubenczal.cz\/wp-content\/uploads\/2024\/10\/DSC_4131-1-1536x1024.jpg 1536w, https:\/\/rubenczal.cz\/wp-content\/uploads\/2024\/10\/DSC_4131-1-2048x1365.jpg 2048w\" sizes=\"auto, (max-width: 300px) 100vw, 300px\" \/><\/figure>\n\n\n\n<figure class=\"wp-block-image size-medium\"><img loading=\"lazy\" decoding=\"async\" width=\"300\" height=\"200\" src=\"https:\/\/rubenczal.cz\/wp-content\/uploads\/2024\/10\/DSC_4124-2-300x200.jpg\" alt=\"\" class=\"wp-image-2577\" srcset=\"https:\/\/rubenczal.cz\/wp-content\/uploads\/2024\/10\/DSC_4124-2-300x200.jpg 300w, https:\/\/rubenczal.cz\/wp-content\/uploads\/2024\/10\/DSC_4124-2-1024x683.jpg 1024w, https:\/\/rubenczal.cz\/wp-content\/uploads\/2024\/10\/DSC_4124-2-768x512.jpg 768w, https:\/\/rubenczal.cz\/wp-content\/uploads\/2024\/10\/DSC_4124-2-1536x1024.jpg 1536w, https:\/\/rubenczal.cz\/wp-content\/uploads\/2024\/10\/DSC_4124-2-2048x1365.jpg 2048w\" sizes=\"auto, (max-width: 300px) 100vw, 300px\" \/><\/figure>\n\n\n\n<p><strong>Fotografie z pr\u016fb\u011bhu z\u00e1vodu<\/strong><\/p>\n\n\n\nngg_shortcode_0_placeholder\n\n\n\n<p><strong>Fotografie z \u010cern\u00e9 hory<\/strong><\/p>\n\n\n\nngg_shortcode_1_placeholder\n\n\n\n<p><strong>Fotografie z trati z\u00e1vodu<\/strong><\/p>\n\n\n\nngg_shortcode_2_placeholder\n","protected":false},"excerpt":{"rendered":"<p>Dne 19.10.2024 prob\u011bhl ji\u017e 14-ct\u00fd ro\u010dn\u00edk z\u00e1vodu Rubenczal. Po\u010das\u00ed dopadlo na v\u00fdbornou a b\u011b\u017eci si to n\u00e1ramn\u011b u\u017eili.R\u00e1di bychom pod\u011bkovali na\u0161emu hlavn\u00edmu partnerovi SportPec za kr\u00e1sn\u00e9 ceny a pomoc s organizac\u00ed. Z\u00e1rove\u0148 d\u011bkujeme v\u0161em na\u0161im partner\u016fm.T\u011b\u0161\u00edme se na V\u00e1s na dal\u0161\u00edm ro\u010dn\u00edku a to 11.10.2025! Fotografie z pr\u016fb\u011bhu z\u00e1vodu Fotografie z \u010cern\u00e9 hory Fotografie z &hellip; <\/p>\n<p class=\"link-more\"><a href=\"https:\/\/rubenczal.cz\/index.php\/2024-2\/\" class=\"more-link\">Pokra\u010dovat ve \u010dten\u00ed<span class=\"screen-reader-text\"> &#8222;2024&#8220;<\/span><\/a><\/p>\n","protected":false},"author":1,"featured_media":0,"parent":0,"menu_order":0,"comment_status":"closed","ping_status":"closed","template":"","meta":{"ngg_post_thumbnail":0,"footnotes":""},"class_list":["post-2556","page","type-page","status-publish","hentry"],"_links":{"self":[{"href":"https:\/\/rubenczal.cz\/index.php\/wp-json\/wp\/v2\/pages\/2556","targetHints":{"allow":["GET"]}}],"collection":[{"href":"https:\/\/rubenczal.cz\/index.php\/wp-json\/wp\/v2\/pages"}],"about":[{"href":"https:\/\/rubenczal.cz\/index.php\/wp-json\/wp\/v2\/types\/page"}],"author":[{"embeddable":true,"href":"https:\/\/rubenczal.cz\/index.php\/wp-json\/wp\/v2\/users\/1"}],"replies":[{"embeddable":true,"href":"https:\/\/rubenczal.cz\/index.php\/wp-json\/wp\/v2\/comments?post=2556"}],"version-history":[{"count":7,"href":"https:\/\/rubenczal.cz\/index.php\/wp-json\/wp\/v2\/pages\/2556\/revisions"}],"predecessor-version":[{"id":2871,"href":"https:\/\/rubenczal.cz\/index.php\/wp-json\/wp\/v2\/pages\/2556\/revisions\/2871"}],"wp:attachment":[{"href":"https:\/\/rubenczal.cz\/index.php\/wp-json\/wp\/v2\/media?parent=2556"}],"curies":[{"name":"wp","href":"https:\/\/api.w.org\/{rel}","templated":true}]}}