{"id":2369,"date":"2024-08-16T20:46:10","date_gmt":"2024-08-16T18:46:10","guid":{"rendered":"http:\/\/rubenczal.cz\/?page_id=2369"},"modified":"2024-10-17T19:49:02","modified_gmt":"2024-10-17T17:49:02","slug":"celorocni-zavod","status":"publish","type":"page","link":"https:\/\/rubenczal.cz\/index.php\/celorocni-zavod\/","title":{"rendered":"Celoro\u010dn\u00ed z\u00e1vod"},"content":{"rendered":"\n<p>Nejen pro Ty, co nestihli start na\u0161eho ofici\u00e1ln\u00edho z\u00e1vodu, vyhla\u0161ujeme celoro\u010dn\u00ed z\u00e1vod.<\/p>\n\n\n\n<p>V pr\u016fb\u011bhu cel\u00e9ho dal\u0161\u00edho roku od 19.10.2024 do 10.10.2025 m\u00e1te mo\u017enost si zab\u011bhnout na\u0161i trasu a zaslat n\u00e1m GPS profil s celkov\u00fdm \u010dasem.<\/p>\n\n\n\n<p><a href=\"https:\/\/rubenczal.cz\/index.php\/trat-a-profil\/\">Trasa na\u0161eho z\u00e1vodu je tady.<\/a><\/p>\n\n\n\n<p>Za\u0161lete n\u00e1m V\u00e1\u0161 v\u00fdsledek na <a href=\"mailto:info@rubenczal.cz\">info@rubenczal.cz<\/a> a my V\u00e1s za\u0159ad\u00edme do celoro\u010dn\u00ed listiny.<\/p>\n\n\n\n<p>Den p\u0159ed ofici\u00e1ln\u00edm z\u00e1vodem (10.10.2025 v 12:00) uzav\u0159eme rok 2025 a prvn\u00ed t\u0159i v\u00edt\u011bzov\u00e9 dostanou ceny od na\u0161ich sponzor\u016f. <\/p>\n\n\n\n<p>Registrace do celoro\u010dn\u00edho z\u00e1vodu<\/p>\n\n\n\n<div class=\"wpcf7 no-js\" id=\"wpcf7-f2509-o1\" lang=\"cs-CZ\" dir=\"ltr\" data-wpcf7-id=\"2509\">\n<div class=\"screen-reader-response\"><p role=\"status\" aria-live=\"polite\" aria-atomic=\"true\"><\/p> <ul><\/ul><\/div>\n<form action=\"\/index.php\/wp-json\/wp\/v2\/pages\/2369#wpcf7-f2509-o1\" method=\"post\" class=\"wpcf7-form init\" aria-label=\"Kontaktn\u00ed formul\u00e1\u0159\" enctype=\"multipart\/form-data\" novalidate=\"novalidate\" data-status=\"init\">\n<fieldset class=\"hidden-fields-container\"><input type=\"hidden\" name=\"_wpcf7\" value=\"2509\" \/><input type=\"hidden\" name=\"_wpcf7_version\" value=\"6.1.2\" \/><input type=\"hidden\" name=\"_wpcf7_locale\" value=\"cs_CZ\" \/><input type=\"hidden\" name=\"_wpcf7_unit_tag\" value=\"wpcf7-f2509-o1\" \/><input type=\"hidden\" name=\"_wpcf7_container_post\" value=\"0\" \/><input type=\"hidden\" name=\"_wpcf7_posted_data_hash\" value=\"\" \/><input type=\"hidden\" name=\"_wpcf7_recaptcha_response\" value=\"\" \/>\n<\/fieldset>\n<p><label> Jm\u00e9no (vy\u017eadov\u00e1no)<br \/>\n<span class=\"wpcf7-form-control-wrap\" data-name=\"your-name\"><input size=\"40\" maxlength=\"400\" class=\"wpcf7-form-control wpcf7-text wpcf7-validates-as-required\" aria-required=\"true\" aria-invalid=\"false\" value=\"\" type=\"text\" name=\"your-name\" \/><\/span> <\/label><br \/>\n<label> P\u0159\u00edjmen\u00ed (vy\u017eadov\u00e1no)<br \/>\n<span class=\"wpcf7-form-control-wrap\" data-name=\"your-prijmeni\"><input size=\"40\" maxlength=\"400\" class=\"wpcf7-form-control wpcf7-text wpcf7-validates-as-required\" aria-required=\"true\" aria-invalid=\"false\" value=\"\" type=\"text\" name=\"your-prijmeni\" \/><\/span> <\/label><br \/>\n<label> E-mail (vy\u017eadov\u00e1no)<br \/>\n<span class=\"wpcf7-form-control-wrap\" data-name=\"your-email\"><input size=\"40\" maxlength=\"400\" class=\"wpcf7-form-control wpcf7-email wpcf7-validates-as-required wpcf7-text wpcf7-validates-as-email\" aria-required=\"true\" aria-invalid=\"false\" value=\"\" type=\"email\" name=\"your-email\" \/><\/span> <\/label><br \/>\n<label> Telefon (vy\u017eadov\u00e1no)<br \/>\n<span class=\"wpcf7-form-control-wrap\" data-name=\"your-phone\"><input size=\"40\" maxlength=\"400\" class=\"wpcf7-form-control wpcf7-text wpcf7-validates-as-required\" aria-required=\"true\" aria-invalid=\"false\" value=\"\" type=\"text\" name=\"your-phone\" \/><\/span> <\/label><br \/>\n<label> Datum narozen\u00ed (vy\u017eadov\u00e1no)<br \/>\n<span class=\"wpcf7-form-control-wrap\" data-name=\"Datumnarozen\"><input class=\"wpcf7-form-control wpcf7-date wpcf7-validates-as-required wpcf7-validates-as-date\" aria-required=\"true\" aria-invalid=\"false\" value=\"\" type=\"date\" name=\"Datumnarozen\" \/><\/span> <\/label><br \/>\n<label> N\u00e1rodnost<br \/>\n<span class=\"wpcf7-form-control-wrap\" data-name=\"Nrodnost\"><select class=\"wpcf7-form-control wpcf7-select\" aria-invalid=\"false\" name=\"Nrodnost\"><option value=\"\u010cR\">\u010cR<\/option><option value=\"PL\">PL<\/option><option value=\"SK\">SK<\/option><option value=\"DE\">DE<\/option><option value=\"Other\">Other<\/option><\/select><\/span> <span class=\"wpcf7-form-control-wrap\" data-name=\"Pohlav\"><span class=\"wpcf7-form-control wpcf7-radio\"><span class=\"wpcf7-list-item first\"><input type=\"radio\" name=\"Pohlav\" value=\"Mu\u017e\" \/><span class=\"wpcf7-list-item-label\">Mu\u017e<\/span><\/span><span class=\"wpcf7-list-item\"><input type=\"radio\" name=\"Pohlav\" value=\"\u017dena\" \/><span class=\"wpcf7-list-item-label\">\u017dena<\/span><\/span><span class=\"wpcf7-list-item last\"><input type=\"radio\" name=\"Pohlav\" value=\"Jin\u00e9\" \/><span class=\"wpcf7-list-item-label\">Jin\u00e9<\/span><\/span><\/span><\/span> <\/label><br \/>\n<label> Ulice<br \/>\n<span class=\"wpcf7-form-control-wrap\" data-name=\"Ulice\"><input size=\"40\" maxlength=\"400\" class=\"wpcf7-form-control wpcf7-text\" aria-invalid=\"false\" value=\"\" type=\"text\" name=\"Ulice\" \/><\/span> <\/label><br \/>\n<label> M\u011bsto<br \/>\n<span class=\"wpcf7-form-control-wrap\" data-name=\"mesto\"><input size=\"40\" maxlength=\"400\" class=\"wpcf7-form-control wpcf7-text\" aria-invalid=\"false\" value=\"\" type=\"text\" name=\"mesto\" \/><\/span> <\/label><br \/>\n<label> Odd\u00edl<br \/>\n<span class=\"wpcf7-form-control-wrap\" data-name=\"Oddil\"><input size=\"40\" maxlength=\"400\" class=\"wpcf7-form-control wpcf7-text\" aria-invalid=\"false\" value=\"\" type=\"text\" name=\"Oddil\" \/><\/span> <\/label><br \/>\n<label> Odkud jste se dozv\u011bd\u011bli o na\u0161em z\u00e1vodu?<br \/>\n<span class=\"wpcf7-form-control-wrap\" data-name=\"Zdroj\"><span class=\"wpcf7-form-control wpcf7-radio\"><span class=\"wpcf7-list-item first\"><input type=\"radio\" name=\"Zdroj\" value=\"Minul\u00fd \u00fa\u010dastn\u00edk\" \/><span class=\"wpcf7-list-item-label\">Minul\u00fd \u00fa\u010dastn\u00edk<\/span><\/span><span class=\"wpcf7-list-item\"><input type=\"radio\" name=\"Zdroj\" value=\"Facebook\" \/><span class=\"wpcf7-list-item-label\">Facebook<\/span><\/span><span class=\"wpcf7-list-item\"><input type=\"radio\" name=\"Zdroj\" value=\"Email\" \/><span class=\"wpcf7-list-item-label\">Email<\/span><\/span><span class=\"wpcf7-list-item last\"><input type=\"radio\" name=\"Zdroj\" value=\"R\u00e1dio\" \/><span class=\"wpcf7-list-item-label\">R\u00e1dio<\/span><\/span><\/span><\/span> <\/label>\n<\/p>\n<p><label> Datum zab\u011bhnut\u00ed trasy (vy\u017eadov\u00e1no)<br \/>\n<span class=\"wpcf7-form-control-wrap\" data-name=\"Datumbehu\"><input class=\"wpcf7-form-control wpcf7-date wpcf7-validates-as-required wpcf7-validates-as-date\" aria-required=\"true\" aria-invalid=\"false\" value=\"\" type=\"date\" name=\"Datumbehu\" \/><\/span> <\/label>\n<\/p>\n<p><label> Fin\u00e1ln\u00ed \u010das (vy\u017eadov\u00e1no)<br \/>\n<span class=\"wpcf7-form-control-wrap\" data-name=\"cas\"><input size=\"40\" maxlength=\"400\" class=\"wpcf7-form-control wpcf7-text wpcf7-validates-as-required\" aria-required=\"true\" aria-invalid=\"false\" value=\"\" type=\"text\" name=\"cas\" \/><\/span> <\/label>\n<\/p>\n<p>P\u0159ilo\u017eit soubor trasy ve form\u00e1tu GPX (vy\u017eadov\u00e1no)<br \/>\n<span class=\"wpcf7-form-control-wrap\" data-name=\"file-657\"><input size=\"40\" class=\"wpcf7-form-control wpcf7-file wpcf7-validates-as-required\" accept=\".gpx\" aria-required=\"true\" aria-invalid=\"false\" type=\"file\" name=\"file-657\" \/><\/span>\n<\/p>\n<p><label> Va\u0161e zpr\u00e1va (voliteln\u00fd)<br \/>\n<span class=\"wpcf7-form-control-wrap\" data-name=\"your-message\"><textarea cols=\"40\" rows=\"10\" maxlength=\"2000\" class=\"wpcf7-form-control wpcf7-textarea\" aria-invalid=\"false\" name=\"your-message\"><\/textarea><\/span> <\/label>\n<\/p>\n<p><span class=\"wpcf7-form-control-wrap\" data-name=\"checkbox-694\"><span class=\"wpcf7-form-control wpcf7-checkbox wpcf7-validates-as-required\"><span class=\"wpcf7-list-item first last\"><input type=\"checkbox\" name=\"checkbox-694[]\" value=\"Odesl\u00e1n\u00edm tohoto formul\u00e1\u0159e, spolu s \u00fadaji zde obsa\u017een\u00fdmi, v\u00fdslovn\u011b prohla\u0161uji, \u017ee souhlas\u00edm se zpracov\u00e1n\u00edm mnou poskytnut\u00fdch osobn\u00edch \u00fadaj\u016f v souladu s na\u0159\u00edzen\u00edm Evropsk\u00e9ho Parlamentu a Rady \u010d. 2016\/679 ze dne 27.4.2016 o ochran\u011b osobn\u00edch \u00fadaj\u016f (GDPR). A z\u00e1rove\u0148 vysloven\u011b souhlas\u00edm s u\u017eit\u00edm dron\u016f organiz\u00e1tor\u016f nad mou osobou\" \/><span class=\"wpcf7-list-item-label\">Odesl\u00e1n\u00edm tohoto formul\u00e1\u0159e, spolu s \u00fadaji zde obsa\u017een\u00fdmi, v\u00fdslovn\u011b prohla\u0161uji, \u017ee souhlas\u00edm se zpracov\u00e1n\u00edm mnou poskytnut\u00fdch osobn\u00edch \u00fadaj\u016f v souladu s na\u0159\u00edzen\u00edm Evropsk\u00e9ho Parlamentu a Rady \u010d. 2016\/679 ze dne 27.4.2016 o ochran\u011b osobn\u00edch \u00fadaj\u016f (GDPR). A z\u00e1rove\u0148 vysloven\u011b souhlas\u00edm s u\u017eit\u00edm dron\u016f organiz\u00e1tor\u016f nad mou osobou<\/span><\/span><\/span><\/span>\n<\/p>\n\n<p><input class=\"wpcf7-form-control wpcf7-submit has-spinner\" type=\"submit\" value=\"Odeslat\" \/>\n<\/p><div class=\"wpcf7-response-output\" aria-hidden=\"true\"><\/div>\n<\/form>\n<\/div>\n\n","protected":false},"excerpt":{"rendered":"<p>Nejen pro Ty, co nestihli start na\u0161eho ofici\u00e1ln\u00edho z\u00e1vodu, vyhla\u0161ujeme celoro\u010dn\u00ed z\u00e1vod. V pr\u016fb\u011bhu cel\u00e9ho dal\u0161\u00edho roku od 19.10.2024 do 10.10.2025 m\u00e1te mo\u017enost si zab\u011bhnout na\u0161i trasu a zaslat n\u00e1m GPS profil s celkov\u00fdm \u010dasem. Trasa na\u0161eho z\u00e1vodu je tady. Za\u0161lete n\u00e1m V\u00e1\u0161 v\u00fdsledek na info@rubenczal.cz a my V\u00e1s za\u0159ad\u00edme do celoro\u010dn\u00ed listiny. Den p\u0159ed &hellip; <\/p>\n<p class=\"link-more\"><a href=\"https:\/\/rubenczal.cz\/index.php\/celorocni-zavod\/\" class=\"more-link\">Pokra\u010dovat ve \u010dten\u00ed<span class=\"screen-reader-text\"> &#8222;Celoro\u010dn\u00ed z\u00e1vod&#8220;<\/span><\/a><\/p>\n","protected":false},"author":1,"featured_media":0,"parent":0,"menu_order":0,"comment_status":"closed","ping_status":"closed","template":"","meta":{"ngg_post_thumbnail":0,"footnotes":""},"class_list":["post-2369","page","type-page","status-publish","hentry"],"_links":{"self":[{"href":"https:\/\/rubenczal.cz\/index.php\/wp-json\/wp\/v2\/pages\/2369","targetHints":{"allow":["GET"]}}],"collection":[{"href":"https:\/\/rubenczal.cz\/index.php\/wp-json\/wp\/v2\/pages"}],"about":[{"href":"https:\/\/rubenczal.cz\/index.php\/wp-json\/wp\/v2\/types\/page"}],"author":[{"embeddable":true,"href":"https:\/\/rubenczal.cz\/index.php\/wp-json\/wp\/v2\/users\/1"}],"replies":[{"embeddable":true,"href":"https:\/\/rubenczal.cz\/index.php\/wp-json\/wp\/v2\/comments?post=2369"}],"version-history":[{"count":4,"href":"https:\/\/rubenczal.cz\/index.php\/wp-json\/wp\/v2\/pages\/2369\/revisions"}],"predecessor-version":[{"id":2510,"href":"https:\/\/rubenczal.cz\/index.php\/wp-json\/wp\/v2\/pages\/2369\/revisions\/2510"}],"wp:attachment":[{"href":"https:\/\/rubenczal.cz\/index.php\/wp-json\/wp\/v2\/media?parent=2369"}],"curies":[{"name":"wp","href":"https:\/\/api.w.org\/{rel}","templated":true}]}}