{"id":1939,"date":"2021-10-11T10:53:08","date_gmt":"2021-10-11T08:53:08","guid":{"rendered":"http:\/\/rubenczal.cz\/?page_id=1939"},"modified":"2023-09-03T12:36:06","modified_gmt":"2023-09-03T10:36:06","slug":"2021-2","status":"publish","type":"page","link":"https:\/\/rubenczal.cz\/index.php\/2021-2\/","title":{"rendered":"2021"},"content":{"rendered":"\n<p> 10-t\u00fd ro\u010dn\u00edk se konal 9.10.2021. Vzhledem ke covidov\u00e9 situaci, jsme byli nuceni zm\u011bnit form\u00e1t z\u00e1vodu. Ale i tak se povedl. Po\u010das\u00ed n\u00e1m p\u0159\u00e1lo a v\u011b\u0159\u00edme, \u017ee si to v\u0161ichni b\u011b\u017eci n\u00e1le\u017eit\u011b u\u017eili. D\u011bkujeme a T\u011b\u0161\u00edme se na V\u00e1s 8.10.2022  <\/p>\n\n\n\nngg_shortcode_0_placeholder\n\n\n<p><\/p>\r\n","protected":false},"excerpt":{"rendered":"<p>10-t\u00fd ro\u010dn\u00edk se konal 9.10.2021. Vzhledem ke covidov\u00e9 situaci, jsme byli nuceni zm\u011bnit form\u00e1t z\u00e1vodu. Ale i tak se povedl. Po\u010das\u00ed n\u00e1m p\u0159\u00e1lo a v\u011b\u0159\u00edme, \u017ee si to v\u0161ichni b\u011b\u017eci n\u00e1le\u017eit\u011b u\u017eili. D\u011bkujeme a T\u011b\u0161\u00edme se na V\u00e1s 8.10.2022<\/p>\n","protected":false},"author":1,"featured_media":0,"parent":0,"menu_order":0,"comment_status":"closed","ping_status":"closed","template":"","meta":{"ngg_post_thumbnail":0,"footnotes":""},"class_list":["post-1939","page","type-page","status-publish","hentry"],"_links":{"self":[{"href":"https:\/\/rubenczal.cz\/index.php\/wp-json\/wp\/v2\/pages\/1939","targetHints":{"allow":["GET"]}}],"collection":[{"href":"https:\/\/rubenczal.cz\/index.php\/wp-json\/wp\/v2\/pages"}],"about":[{"href":"https:\/\/rubenczal.cz\/index.php\/wp-json\/wp\/v2\/types\/page"}],"author":[{"embeddable":true,"href":"https:\/\/rubenczal.cz\/index.php\/wp-json\/wp\/v2\/users\/1"}],"replies":[{"embeddable":true,"href":"https:\/\/rubenczal.cz\/index.php\/wp-json\/wp\/v2\/comments?post=1939"}],"version-history":[{"count":5,"href":"https:\/\/rubenczal.cz\/index.php\/wp-json\/wp\/v2\/pages\/1939\/revisions"}],"predecessor-version":[{"id":1998,"href":"https:\/\/rubenczal.cz\/index.php\/wp-json\/wp\/v2\/pages\/1939\/revisions\/1998"}],"wp:attachment":[{"href":"https:\/\/rubenczal.cz\/index.php\/wp-json\/wp\/v2\/media?parent=1939"}],"curies":[{"name":"wp","href":"https:\/\/api.w.org\/{rel}","templated":true}]}}