{"id":1392,"date":"2018-10-10T14:37:05","date_gmt":"2018-10-10T12:37:05","guid":{"rendered":"http:\/\/rubenczal.cz\/?page_id=1392"},"modified":"2018-10-10T19:14:39","modified_gmt":"2018-10-10T17:14:39","slug":"prohlaseni-ucastnika-zavodu","status":"publish","type":"page","link":"https:\/\/rubenczal.cz\/index.php\/prohlaseni-ucastnika-zavodu\/","title":{"rendered":"Prohl\u00e1\u0161en\u00ed \u00fa\u010dastn\u00edka z\u00e1vodu"},"content":{"rendered":"<blockquote><p>Prohla\u0161uji \u017ee startuji na vlastn\u00ed nebezpe?\u00ed a budu dodr\u017eovat pokyny po?adatel? a souhlas\u00edm s vyu\u017eit\u00edm v\u00fd\u0161e uveden\u00fdch osobn\u00edch \u00fadaj? po?adatelem. Ud?luji souhlas se zpracov\u00e1n\u00edm v\u00fd\u0161e uveden\u00fdch osobn\u00edch \u00fadaj? PO?ADATELI<\/p>\n<p>Osobn\u00ed \u00fadaje budou zpracov\u00e1v\u00e1ny za \u00fa?elem identifikace \u00fa?astn\u00edk? a \u00fa?astnic p?i organizaci Horsk\u00e9ho b?\u017eeck\u00e9ho z\u00e1vodu Rubenczal (prezence, p?id?lov\u00e1n\u00ed startovn\u00edch ?\u00edsel, m??en\u00ed ?asu), vyhodnocen\u00ed jeho v\u00fdsledk? a informov\u00e1n\u00ed o dal\u0161\u00edch ro?n\u00edc\u00edch z\u00e1vodu.<\/p>\n<p><strong>Zpracov\u00e1v\u00e1n\u00ed bude prob\u00edhat po dobu 10-ti let<\/strong> od ud?len\u00ed souhlasu PO?ADATELI kter\u00fd bude ke zpracov\u00e1n\u00ed osobn\u00edch \u00fadaj? vyu\u017e\u00edvat zpracovatele, spole?nost Jurikol, a.s., ?echurova 2355\/29, Praha 9, I?O: 25080644.<\/p>\n<p>Beru na v?dom\u00ed, \u017ee m\u00e1m pr\u00e1vo souhlas se zpracov\u00e1n\u00ed osobn\u00edch \u00fadaj? kdykoli odvolat, a to nap?\u00edklad zasl\u00e1n\u00edm e-mailu nebo dopisu PO?ADATELI. Sou?asn? beru na v?dom\u00ed, \u017ee odvol\u00e1n\u00ed souhlasu nem\u00e1 vliv na zpracov\u00e1n\u00ed osobn\u00edch \u00fadaj?, kter\u00e9 prob\u00edhalo p?ed t\u00edmto odvol\u00e1n\u00edm.<\/p><\/blockquote>\n","protected":false},"excerpt":{"rendered":"<p>Prohla\u0161uji \u017ee startuji na vlastn\u00ed nebezpe?\u00ed a budu dodr\u017eovat pokyny po?adatel? a souhlas\u00edm s vyu\u017eit\u00edm v\u00fd\u0161e uveden\u00fdch osobn\u00edch \u00fadaj? po?adatelem. Ud?luji souhlas se zpracov\u00e1n\u00edm v\u00fd\u0161e uveden\u00fdch osobn\u00edch \u00fadaj? PO?ADATELI Osobn\u00ed \u00fadaje budou zpracov\u00e1v\u00e1ny za \u00fa?elem identifikace \u00fa?astn\u00edk? a \u00fa?astnic p?i organizaci Horsk\u00e9ho b?\u017eeck\u00e9ho z\u00e1vodu Rubenczal (prezence, p?id?lov\u00e1n\u00ed startovn\u00edch ?\u00edsel, m??en\u00ed ?asu), vyhodnocen\u00ed jeho v\u00fdsledk? a &hellip; <\/p>\n<p class=\"link-more\"><a href=\"https:\/\/rubenczal.cz\/index.php\/prohlaseni-ucastnika-zavodu\/\" class=\"more-link\">Pokra\u010dovat ve \u010dten\u00ed<span class=\"screen-reader-text\"> &#8222;Prohl\u00e1\u0161en\u00ed \u00fa\u010dastn\u00edka z\u00e1vodu&#8220;<\/span><\/a><\/p>\n","protected":false},"author":1,"featured_media":0,"parent":0,"menu_order":0,"comment_status":"closed","ping_status":"closed","template":"","meta":{"ngg_post_thumbnail":0,"footnotes":""},"class_list":["post-1392","page","type-page","status-publish","hentry"],"_links":{"self":[{"href":"https:\/\/rubenczal.cz\/index.php\/wp-json\/wp\/v2\/pages\/1392","targetHints":{"allow":["GET"]}}],"collection":[{"href":"https:\/\/rubenczal.cz\/index.php\/wp-json\/wp\/v2\/pages"}],"about":[{"href":"https:\/\/rubenczal.cz\/index.php\/wp-json\/wp\/v2\/types\/page"}],"author":[{"embeddable":true,"href":"https:\/\/rubenczal.cz\/index.php\/wp-json\/wp\/v2\/users\/1"}],"replies":[{"embeddable":true,"href":"https:\/\/rubenczal.cz\/index.php\/wp-json\/wp\/v2\/comments?post=1392"}],"version-history":[{"count":1,"href":"https:\/\/rubenczal.cz\/index.php\/wp-json\/wp\/v2\/pages\/1392\/revisions"}],"predecessor-version":[{"id":1393,"href":"https:\/\/rubenczal.cz\/index.php\/wp-json\/wp\/v2\/pages\/1392\/revisions\/1393"}],"wp:attachment":[{"href":"https:\/\/rubenczal.cz\/index.php\/wp-json\/wp\/v2\/media?parent=1392"}],"curies":[{"name":"wp","href":"https:\/\/api.w.org\/{rel}","templated":true}]}}