{"id":12,"date":"2018-10-06T10:56:56","date_gmt":"2018-10-06T08:56:56","guid":{"rendered":"http:\/\/rubenczal.cz\/?page_id=12"},"modified":"2023-09-03T12:16:05","modified_gmt":"2023-09-03T10:16:05","slug":"sekce-domovske-stranky","status":"publish","type":"page","link":"https:\/\/rubenczal.cz\/index.php\/sekce-domovske-stranky\/","title":{"rendered":"Sekce domovsk\u00e9 str\u00e1nky"},"content":{"rendered":"<p>Horsk\u00fd b\u011b\u017eeck\u00fd z\u00e1vod RUBENCZAL je vy\u00fast\u011bn\u00edm sportovn\u00edch aktivit skupiny nad\u0161en\u00fdch lid\u00ed, kte\u0159\u00ed r\u00e1di \u017eij\u00ed na maximum.<\/p>\n<p>V\u011b\u0159\u00edme, \u017ee d\u00edky profilu trati bude z\u00e1vod nejen sportovn\u00edm, ale tak\u00e9 du\u0161evn\u00edm z\u00e1\u017eitkem ka\u017ed\u00e9ho \u00fa\u010dastn\u00edka.<\/p>\n<p>RUBENCZAL je tradi\u010dn\u00ed z\u00e1vod zalo\u017een\u00fd na fair-play a p\u0159\u00e1telsk\u00e9 atmosf\u00e9\u0159e v kr\u00e1sn\u00fdch lokalit\u00e1ch Krkono\u0161.<\/p>\n<p>N\u00e1\u0161 t\u00fdm je p\u0159ipraven, a co Ty?<\/p>\n","protected":false},"excerpt":{"rendered":"<p>Horsk\u00fd b\u011b\u017eeck\u00fd z\u00e1vod RUBENCZAL je vy\u00fast\u011bn\u00edm sportovn\u00edch aktivit skupiny nad\u0161en\u00fdch lid\u00ed, kte\u0159\u00ed r\u00e1di \u017eij\u00ed na maximum. V\u011b\u0159\u00edme, \u017ee d\u00edky profilu trati bude z\u00e1vod nejen sportovn\u00edm, ale tak\u00e9 du\u0161evn\u00edm z\u00e1\u017eitkem ka\u017ed\u00e9ho \u00fa\u010dastn\u00edka. RUBENCZAL je tradi\u010dn\u00ed z\u00e1vod zalo\u017een\u00fd na fair-play a p\u0159\u00e1telsk\u00e9 atmosf\u00e9\u0159e v kr\u00e1sn\u00fdch lokalit\u00e1ch Krkono\u0161. N\u00e1\u0161 t\u00fdm je p\u0159ipraven, a co Ty?<\/p>\n","protected":false},"author":1,"featured_media":126,"parent":0,"menu_order":0,"comment_status":"closed","ping_status":"closed","template":"","meta":{"ngg_post_thumbnail":0,"footnotes":""},"class_list":["post-12","page","type-page","status-publish","has-post-thumbnail","hentry"],"_links":{"self":[{"href":"https:\/\/rubenczal.cz\/index.php\/wp-json\/wp\/v2\/pages\/12","targetHints":{"allow":["GET"]}}],"collection":[{"href":"https:\/\/rubenczal.cz\/index.php\/wp-json\/wp\/v2\/pages"}],"about":[{"href":"https:\/\/rubenczal.cz\/index.php\/wp-json\/wp\/v2\/types\/page"}],"author":[{"embeddable":true,"href":"https:\/\/rubenczal.cz\/index.php\/wp-json\/wp\/v2\/users\/1"}],"replies":[{"embeddable":true,"href":"https:\/\/rubenczal.cz\/index.php\/wp-json\/wp\/v2\/comments?post=12"}],"version-history":[{"count":5,"href":"https:\/\/rubenczal.cz\/index.php\/wp-json\/wp\/v2\/pages\/12\/revisions"}],"predecessor-version":[{"id":1991,"href":"https:\/\/rubenczal.cz\/index.php\/wp-json\/wp\/v2\/pages\/12\/revisions\/1991"}],"wp:featuredmedia":[{"embeddable":true,"href":"https:\/\/rubenczal.cz\/index.php\/wp-json\/wp\/v2\/media\/126"}],"wp:attachment":[{"href":"https:\/\/rubenczal.cz\/index.php\/wp-json\/wp\/v2\/media?parent=12"}],"curies":[{"name":"wp","href":"https:\/\/api.w.org\/{rel}","templated":true}]}}