{"id":109,"date":"2018-10-06T20:01:35","date_gmt":"2018-10-06T18:01:35","guid":{"rendered":"http:\/\/rubenczal.cz\/?page_id=109"},"modified":"2018-10-07T01:12:41","modified_gmt":"2018-10-06T23:12:41","slug":"vysledky","status":"publish","type":"page","link":"https:\/\/rubenczal.cz\/index.php\/vysledky\/","title":{"rendered":"V\u00fdsledkov\u00e9 listiny"},"content":{"rendered":"<h2>8. ro?n\u00edk z\u00e1vodu<\/h2>\n<p>se pob?\u017e\u00ed 13.10.2018<\/p>\n<h2>7. ro?n\u00edk z\u00e1vodu<\/h2>\n<p><a href=\"http:\/\/files.rubenczal.webnode.cz\/200000236-d071bd16ae\/Rubenczal2017_Absolutn?.pdf\">Rubenczal 2017_V\u00fdsledkov\u00e1_listina_absolutn\u00ed_po?ad\u00ed.pdf (29089)<\/a><\/p>\n<p><a href=\"http:\/\/files.rubenczal.webnode.cz\/200000237-0d1b50e159\/Rubenczal2017_PoKategori\u00edch.pdf\">Rubenczal 2017_V\u00fdsledkov\u00e1_listina_po?ad\u00ed_dle_kategori\u00ed.pdf (31217)<\/a><\/p>\n<h2>6. ro?n\u00edk z\u00e1vodu<\/h2>\n<p><a href=\"http:\/\/files.rubenczal.webnode.cz\/200000234-6b8ce6e7a5\/RUBENCZAL 2016_V\u00fdsledkov\u00e1 listina_absolutn\u00ed po?ad\u00ed (mu\u017ei, \u017eeny).pdf\">RUBENCZAL 2016_V\u00fdsledkov\u00e1 listina_absolutn\u00ed po?ad\u00ed (mu\u017ei, \u017eeny).pdf\u00a0<\/a><\/p>\n<p><a href=\"http:\/\/files.rubenczal.webnode.cz\/200000235-5410a56055\/RUBENCZAL 2016_V\u00fdsledkov\u00e1 listina_po?ad\u00ed podle kategori\u00ed\u00ed.pdf (31704).pdf\">RUBENCZAL 2016_V\u00fdsledkov\u00e1 listina_po?ad\u00ed podle kategori\u00ed\u00ed.pdf (31704).pdf\u00a0<\/a><\/p>\n<h2>5. ro?n\u00edk z\u00e1vodu<\/h2>\n<p><a href=\"http:\/\/files.rubenczal.webnode.cz\/200000230-6d0e66e086\/RUBENCZAL 2015_V\u00fdsledkov\u00e1 listina_absolutn\u00ed po?ad\u00ed (mu\u017ei, \u017eeny).pdf\">RUBENCZAL 2015_V\u00fdsledkov\u00e1 listina_absolutn\u00ed po?ad\u00ed (mu\u017ei, \u017eeny).pdf (29937)<\/a><\/p>\n<p><a href=\"http:\/\/files.rubenczal.webnode.cz\/200000231-53a6055985\/RUBENCZAL 2015_V\u00fdsledkov\u00e1 listina_absolutn\u00ed po?ad\u00ed.pdf\">RUBENCZAL 2015_V\u00fdsledkov\u00e1 listina_absolutn\u00ed po?ad\u00ed.pdf (29713)<\/a><\/p>\n<p><a href=\"http:\/\/files.rubenczal.webnode.cz\/200000232-cbbe8ccb84\/RUBENCZAL 2015_V\u00fdsledkov\u00e1 listina_po?ad\u00ed podle kategori\u00ed\u00ed.pdf\">RUBENCZAL 2015_V\u00fdsledkov\u00e1 listina_po?ad\u00ed podle kategori\u00ed\u00ed.pdf (31704)<\/a><\/p>\n<h2>4. ro?n\u00edk z\u00e1vodu<\/h2>\n<p><a href=\"http:\/\/files.rubenczal.webnode.cz\/200000226-a1833a27d2\/RUBENCZAL 2014_V\u00fdsledkov\u00e1 listina_absolutn\u00ed po?ad\u00ed.pdf\">RUBENCZAL 2014_V\u00fdsledkov\u00e1 listina_absolutn\u00ed po?ad\u00ed.pdf (32706)<\/a><\/p>\n<p><a href=\"http:\/\/files.rubenczal.webnode.cz\/200000225-e8ce9eac13\/RUBENCZAL 2014_V\u00fdsledkov\u00e1 listina_absolutn\u00ed po?ad\u00ed (mu\u017ei, \u017eeny).pdf\">RUBENCZAL 2014_V\u00fdsledkov\u00e1 listina_absolutn\u00ed po?ad\u00ed (mu\u017ei, \u017eeny).pdf (33084)<\/a><\/p>\n<p><a href=\"http:\/\/files.rubenczal.webnode.cz\/200000227-5170053654\/RUBENCZAL 2014_V\u00fdsledkov\u00e1 listina_po?ad\u00ed podle kategori\u00ed\u00ed.pdf\">RUBENCZAL 2014_V\u00fdsledkov\u00e1 listina_po?ad\u00ed podle kategori\u00ed\u00ed.pdf (33675)<\/a><\/p>\n<h2>3. ro?n\u00edk z\u00e1vodu<\/h2>\n<p><a href=\"http:\/\/files.rubenczal.webnode.cz\/200000217-2206f2302d\/RUBENCZAL 2013_V\u00fdsledkov\u00e1 listina_absolutn\u00ed po?ad\u00ed.pdf\">RUBENCZAL 2013_V\u00fdsledkov\u00e1 listina_absolutn\u00ed po?ad\u00ed.pdf (29667)<\/a><\/p>\n<p><a href=\"http:\/\/files.rubenczal.webnode.cz\/200000216-91b1892ac0\/RUBENCZAL 2013_V\u00fdsledkov\u00e1 listina_po?ad\u00ed podle kategori\u00ed.pdf\">RUBENCZAL 2013_V\u00fdsledkov\u00e1 listina_po?ad\u00ed podle kategori\u00ed.pdf (33022)<\/a><\/p>\n<h2>2. ro?n\u00edk z\u00e1vodu<\/h2>\n<p><a href=\"http:\/\/files.rubenczal.webnode.cz\/200000199-6457865518\/RUBENCZAL_V%C3%BDsledkov%C3%A1%20listina%202012.pdf\">RUBENCZAL_V\u00fdsledkov\u00e1 listina 2012.pdf (21,7 kB)<\/a><\/p>\n<h2>1. ro?n\u00edk z\u00e1vodu<\/h2>\n<p><a href=\"http:\/\/files.rubenczal.webnode.cz\/200000153-42ba643b30\/RUBENCZAL_V%C3%BDsledkov%C3%A1%20listina%202011.pdf\">RUBENCZAL_V\u00fdsledkov\u00e1 listina 2011.pdf (25,9 kB)<\/a><\/p>\n","protected":false},"excerpt":{"rendered":"<p>8. ro?n\u00edk z\u00e1vodu se pob?\u017e\u00ed 13.10.2018 7. ro?n\u00edk z\u00e1vodu Rubenczal 2017_V\u00fdsledkov\u00e1_listina_absolutn\u00ed_po?ad\u00ed.pdf (29089) Rubenczal 2017_V\u00fdsledkov\u00e1_listina_po?ad\u00ed_dle_kategori\u00ed.pdf (31217) 6. ro?n\u00edk z\u00e1vodu RUBENCZAL 2016_V\u00fdsledkov\u00e1 listina_absolutn\u00ed po?ad\u00ed (mu\u017ei, \u017eeny).pdf\u00a0 RUBENCZAL 2016_V\u00fdsledkov\u00e1 listina_po?ad\u00ed podle kategori\u00ed\u00ed.pdf (31704).pdf\u00a0 5. ro?n\u00edk z\u00e1vodu RUBENCZAL 2015_V\u00fdsledkov\u00e1 listina_absolutn\u00ed po?ad\u00ed (mu\u017ei, \u017eeny).pdf (29937) RUBENCZAL 2015_V\u00fdsledkov\u00e1 listina_absolutn\u00ed po?ad\u00ed.pdf (29713) RUBENCZAL 2015_V\u00fdsledkov\u00e1 listina_po?ad\u00ed podle kategori\u00ed\u00ed.pdf (31704) 4. ro?n\u00edk z\u00e1vodu RUBENCZAL &hellip; <\/p>\n<p class=\"link-more\"><a href=\"https:\/\/rubenczal.cz\/index.php\/vysledky\/\" class=\"more-link\">Pokra\u010dovat ve \u010dten\u00ed<span class=\"screen-reader-text\"> &#8222;V\u00fdsledkov\u00e9 listiny&#8220;<\/span><\/a><\/p>\n","protected":false},"author":1,"featured_media":0,"parent":0,"menu_order":0,"comment_status":"closed","ping_status":"closed","template":"","meta":{"ngg_post_thumbnail":0,"footnotes":""},"class_list":["post-109","page","type-page","status-publish","hentry"],"_links":{"self":[{"href":"https:\/\/rubenczal.cz\/index.php\/wp-json\/wp\/v2\/pages\/109","targetHints":{"allow":["GET"]}}],"collection":[{"href":"https:\/\/rubenczal.cz\/index.php\/wp-json\/wp\/v2\/pages"}],"about":[{"href":"https:\/\/rubenczal.cz\/index.php\/wp-json\/wp\/v2\/types\/page"}],"author":[{"embeddable":true,"href":"https:\/\/rubenczal.cz\/index.php\/wp-json\/wp\/v2\/users\/1"}],"replies":[{"embeddable":true,"href":"https:\/\/rubenczal.cz\/index.php\/wp-json\/wp\/v2\/comments?post=109"}],"version-history":[{"count":4,"href":"https:\/\/rubenczal.cz\/index.php\/wp-json\/wp\/v2\/pages\/109\/revisions"}],"predecessor-version":[{"id":330,"href":"https:\/\/rubenczal.cz\/index.php\/wp-json\/wp\/v2\/pages\/109\/revisions\/330"}],"wp:attachment":[{"href":"https:\/\/rubenczal.cz\/index.php\/wp-json\/wp\/v2\/media?parent=109"}],"curies":[{"name":"wp","href":"https:\/\/api.w.org\/{rel}","templated":true}]}}